{"id":122,"date":"2025-10-07T22:40:04","date_gmt":"2025-10-08T01:40:04","guid":{"rendered":"https:\/\/midiaciencia.com\/novo\/?page_id=122"},"modified":"2026-01-12T06:33:47","modified_gmt":"2026-01-12T09:33:47","slug":"home","status":"publish","type":"page","link":"https:\/\/midiaciencia.com\/novo\/","title":{"rendered":"Home"},"content":{"rendered":"\t\t<div data-elementor-type=\"wp-page\" data-elementor-id=\"122\" class=\"elementor elementor-122\" data-elementor-post-type=\"page\">\n\t\t\t\t\t\t<section class=\"elementor-section elementor-top-section elementor-element elementor-element-132442a10 elementor-section-full_width elementor-section-height-full elementor-section-height-default elementor-section-items-middle wpr-particle-no wpr-jarallax-no wpr-parallax-no wpr-sticky-section-no\" data-id=\"132442a10\" data-element_type=\"section\">\n\t\t\t\t\t\t<div class=\"elementor-container elementor-column-gap-no\">\n\t\t\t\t\t<div class=\"elementor-column elementor-col-100 elementor-top-column elementor-element elementor-element-7f71ba35\" data-id=\"7f71ba35\" data-element_type=\"column\">\n\t\t\t<div class=\"elementor-widget-wrap elementor-element-populated\">\n\t\t\t\t\t\t<div class=\"elementor-element elementor-element-4b1f499b wpr-adv-slider-columns-1 wpr-adv-slider-columns--tablet1 wpr-adv-slider-columns--mobile1 wpr-adv-slides-to-scroll-1 wpr-slider-dots-horizontal elementor-widget elementor-widget-wpr-advanced-slider\" data-id=\"4b1f499b\" data-element_type=\"widget\" data-settings=\"{&quot;slider_amount&quot;:1,&quot;slider_amount_tablet&quot;:1,&quot;slider_amount_mobile&quot;:1,&quot;slides_to_scroll&quot;:1,&quot;slider_loop&quot;:&quot;yes&quot;,&quot;slider_hide_video_content&quot;:&quot;yes&quot;,&quot;slider_video_btn_size&quot;:&quot;medium&quot;}\" data-widget_type=\"wpr-advanced-slider.default\">\n\t\t\t\t\t\n\t\t<!-- Advanced Slider -->\n\t\t<div class=\"wpr-advanced-slider-wrap\">\n\t\t\t\n\t\t\t<div class=\"wpr-advanced-slider\" dir=\"ltr\" data-slick=\"{&quot;rtl&quot;:false,&quot;infinite&quot;:true,&quot;speed&quot;:700,&quot;arrows&quot;:true,&quot;dots&quot;:true,&quot;autoplay&quot;:false,&quot;autoplaySpeed&quot;:1000,&quot;pauseOnHover&quot;:&quot;&quot;,&quot;prevArrow&quot;:&quot;#wpr-slider-prev-4b1f499b&quot;,&quot;nextArrow&quot;:&quot;#wpr-slider-next-4b1f499b&quot;,&quot;vertical&quot;:false,&quot;adaptiveHeight&quot;:true}\" data-hide-video-content=\"yes\" data-video-btn-size=\"{&quot;widescreen&quot;:&quot;medium&quot;,&quot;desktop&quot;:&quot;medium&quot;,&quot;laptop&quot;:&quot;medium&quot;,&quot;tablet_extra&quot;:&quot;medium&quot;,&quot;tablet&quot;:&quot;medium&quot;,&quot;mobile_extra&quot;:&quot;medium&quot;,&quot;mobile&quot;:&quot;medium&quot;}\" data-slide-effect=\"slide\">\n\t\t\t\t<div class=\"wpr-slider-item elementor-repeater-item-6ae20c6\"><div class=\"wpr-slider-item-bg \" style=\"background-image: url(https:\/\/midiaciencia.com\/novo\/wp-content\/uploads\/2025\/10\/slidehome.jpg)\"><\/div><div class=\"wpr-slider-item-overlay\"><\/div><div class=\"wpr-cv-container\"><div class=\"wpr-cv-outer\"><div class=\"wpr-cv-inner\"><div class=\"wpr-slider-content\"><div class=\"wpr-slider-title\"><h3>Projeto vencedor do Pr\u00eamio Nacional Confap de de Ci\u00eancia, Tecnologia e Inova\u00e7\u00e3o em 2025<\/h3><\/div><div class=\"wpr-slider-description\"><p>Primeiro lugar na categoria \u201cFomento a ecossistemas de Ci\u00eancia e Tecnologia\u201d, em erim\u00f4nia realizada na sede da Fapesp, em S\u00e3o Paulo\/SP<\/p><\/div><div class=\"wpr-slider-btns\"><\/div><\/div><\/div><\/div><\/div><\/div>\t\t\t<\/div>\n\t\t\t<div class=\"wpr-slider-controls\">\n\t\t\t\t<div class=\"wpr-slider-dots\"><\/div>\n\t\t\t<\/div>\n\n\t\t\t<div class=\"wpr-slider-arrow-container\">\n\t\t\t\t<div class=\"wpr-slider-prev-arrow wpr-slider-arrow\" id=\"wpr-slider-prev-4b1f499b\">\n\t\t\t\t\t<svg version=\"1.1\" xmlns=\"http:\/\/www.w3.org\/2000\/svg\" xmlns:xlink=\"http:\/\/www.w3.org\/1999\/xlink\" x=\"0px\" y=\"0px\" viewBox=\"0 0 283.4 512\" style=\"enable-background:new 0 0 283.4 512;\" xml:space=\"preserve\"><g><polygon class=\"st0\" points=\"54.5,256.3 283.4,485.1 256.1,512.5 0,256.3 0,256.3 27.2,229 256.1,0 283.4,27.4 \"\/><\/g><\/svg>\t\t\t\t<\/div>\n\t\t\t\t<div class=\"wpr-slider-next-arrow wpr-slider-arrow\" id=\"wpr-slider-next-4b1f499b\">\n\t\t\t\t\t<svg version=\"1.1\" xmlns=\"http:\/\/www.w3.org\/2000\/svg\" xmlns:xlink=\"http:\/\/www.w3.org\/1999\/xlink\" x=\"0px\" y=\"0px\" viewBox=\"0 0 283.4 512\" style=\"enable-background:new 0 0 283.4 512;\" xml:space=\"preserve\"><g><polygon class=\"st0\" points=\"54.5,256.3 283.4,485.1 256.1,512.5 0,256.3 0,256.3 27.2,229 256.1,0 283.4,27.4 \"\/><\/g><\/svg>\t\t\t\t<\/div>\n\t\t\t<\/div>\n\t\t\t\n\t\t\t\n\t\t<\/div>\n\t\t\t\t\t\t<\/div>\n\t\t\t\t\t<\/div>\n\t\t<\/div>\n\t\t\t\t\t<\/div>\n\t\t<\/section>\n\t\t<div class=\"elementor-element elementor-element-411e850 e-con-full e-flex wpr-particle-no wpr-jarallax-no wpr-parallax-no wpr-sticky-section-no e-con e-parent\" data-id=\"411e850\" data-element_type=\"container\">\n\t\t<div class=\"elementor-element elementor-element-17eb5b4 e-con-full e-flex wpr-particle-no wpr-jarallax-no wpr-parallax-no wpr-sticky-section-no e-con e-child\" data-id=\"17eb5b4\" data-element_type=\"container\">\n\t\t\t\t<div class=\"elementor-element elementor-element-319f14a elementor-widget__width-auto elementor-widget-mobile__width-inherit elementor-widget elementor-widget-heading\" data-id=\"319f14a\" data-element_type=\"widget\" data-widget_type=\"heading.default\">\n\t\t\t\t\t<h3 class=\"elementor-heading-title elementor-size-default\">Nossos Resultados<\/h3>\t\t\t\t<\/div>\n\t\t\t\t<div class=\"elementor-element elementor-element-a9c6a89 elementor-widget__width-auto elementor-mobile-align-center elementor-widget-mobile__width-inherit elementor-widget elementor-widget-button\" data-id=\"a9c6a89\" data-element_type=\"widget\" data-widget_type=\"button.default\">\n\t\t\t\t\t\t\t\t\t\t<a class=\"elementor-button elementor-button-link elementor-size-sm\" href=\"#\">\n\t\t\t\t\t\t<span class=\"elementor-button-content-wrapper\">\n\t\t\t\t\t\t\t\t\t<span class=\"elementor-button-text\">All Classes<\/span>\n\t\t\t\t\t<\/span>\n\t\t\t\t\t<\/a>\n\t\t\t\t\t\t\t\t<\/div>\n\t\t\t\t<\/div>\n\t\t<div class=\"elementor-element elementor-element-81652c1 e-con-full e-flex wpr-particle-no wpr-jarallax-no wpr-parallax-no wpr-sticky-section-no e-con e-child\" data-id=\"81652c1\" data-element_type=\"container\">\n\t\t<div class=\"elementor-element elementor-element-29a9ab6 e-con-full e-flex wpr-particle-no wpr-jarallax-no wpr-parallax-no wpr-sticky-section-no e-con e-child\" data-id=\"29a9ab6\" data-element_type=\"container\">\n\t\t\t\t<div class=\"elementor-element elementor-element-12a3a91 elementor-widget elementor-widget-image\" data-id=\"12a3a91\" data-element_type=\"widget\" data-widget_type=\"image.default\">\n\t\t\t\t\t\t\t\t\t\t\t\t\t\t\t\t<a href=\"https:\/\/midiaciencia.com\/novo\/papo-de-ciencia\/\">\n\t\t\t\t\t\t\t<img fetchpriority=\"high\" decoding=\"async\" width=\"800\" height=\"968\" src=\"https:\/\/midiaciencia.com\/novo\/wp-content\/uploads\/2026\/01\/redes.png\" class=\"attachment-full size-full wp-image-446\" alt=\"\" srcset=\"https:\/\/midiaciencia.com\/novo\/wp-content\/uploads\/2026\/01\/redes.png 800w, https:\/\/midiaciencia.com\/novo\/wp-content\/uploads\/2026\/01\/redes-248x300.png 248w, https:\/\/midiaciencia.com\/novo\/wp-content\/uploads\/2026\/01\/redes-768x929.png 768w\" sizes=\"(max-width: 800px) 100vw, 800px\" \/>\t\t\t\t\t\t\t\t<\/a>\n\t\t\t\t\t\t\t\t\t\t\t\t\t\t\t<\/div>\n\t\t\t\t<\/div>\n\t\t<div class=\"elementor-element elementor-element-e32c2bd e-con-full e-flex wpr-particle-no wpr-jarallax-no wpr-parallax-no wpr-sticky-section-no e-con e-child\" data-id=\"e32c2bd\" data-element_type=\"container\">\n\t\t\t\t<div class=\"elementor-element elementor-element-5c4b8cf elementor-widget elementor-widget-image\" data-id=\"5c4b8cf\" data-element_type=\"widget\" data-widget_type=\"image.default\">\n\t\t\t\t\t\t\t\t\t\t\t\t\t\t\t\t<a href=\"https:\/\/midiaciencia.com\/novo\/mulheres-na-ciencia\/\">\n\t\t\t\t\t\t\t<img decoding=\"async\" width=\"800\" height=\"968\" src=\"https:\/\/midiaciencia.com\/novo\/wp-content\/uploads\/2026\/01\/redes2.png\" class=\"attachment-full size-full wp-image-447\" alt=\"\" srcset=\"https:\/\/midiaciencia.com\/novo\/wp-content\/uploads\/2026\/01\/redes2.png 800w, https:\/\/midiaciencia.com\/novo\/wp-content\/uploads\/2026\/01\/redes2-248x300.png 248w, https:\/\/midiaciencia.com\/novo\/wp-content\/uploads\/2026\/01\/redes2-768x929.png 768w\" sizes=\"(max-width: 800px) 100vw, 800px\" \/>\t\t\t\t\t\t\t\t<\/a>\n\t\t\t\t\t\t\t\t\t\t\t\t\t\t\t<\/div>\n\t\t\t\t<\/div>\n\t\t<div class=\"elementor-element elementor-element-c0f78d1 e-con-full e-flex wpr-particle-no wpr-jarallax-no wpr-parallax-no wpr-sticky-section-no e-con e-child\" data-id=\"c0f78d1\" data-element_type=\"container\">\n\t\t\t\t<div class=\"elementor-element elementor-element-f0fd9ae elementor-widget elementor-widget-image\" data-id=\"f0fd9ae\" data-element_type=\"widget\" data-widget_type=\"image.default\">\n\t\t\t\t\t\t\t\t\t\t\t\t\t\t\t\t<a href=\"https:\/\/midiaciencia.com\/novo\/curso-comunica-cientista\/\">\n\t\t\t\t\t\t\t<img decoding=\"async\" width=\"800\" height=\"968\" src=\"https:\/\/midiaciencia.com\/novo\/wp-content\/uploads\/2026\/01\/rede2.png\" class=\"attachment-full size-full wp-image-448\" alt=\"\" srcset=\"https:\/\/midiaciencia.com\/novo\/wp-content\/uploads\/2026\/01\/rede2.png 800w, https:\/\/midiaciencia.com\/novo\/wp-content\/uploads\/2026\/01\/rede2-248x300.png 248w, https:\/\/midiaciencia.com\/novo\/wp-content\/uploads\/2026\/01\/rede2-768x929.png 768w\" sizes=\"(max-width: 800px) 100vw, 800px\" \/>\t\t\t\t\t\t\t\t<\/a>\n\t\t\t\t\t\t\t\t\t\t\t\t\t\t\t<\/div>\n\t\t\t\t<\/div>\n\t\t\t\t<\/div>\n\t\t\t\t<\/div>\n\t\t<div class=\"elementor-element elementor-element-2c8be0b e-con-full e-flex wpr-particle-no wpr-jarallax-no wpr-parallax-no wpr-sticky-section-no e-con e-parent\" data-id=\"2c8be0b\" data-element_type=\"container\">\n\t\t<div class=\"elementor-element elementor-element-ff59858 e-con-full e-flex wpr-particle-no wpr-jarallax-no wpr-parallax-no wpr-sticky-section-no e-con e-child\" data-id=\"ff59858\" data-element_type=\"container\">\n\t\t\t\t<div class=\"elementor-element elementor-element-72b830b elementor-widget__width-auto elementor-widget-mobile__width-inherit elementor-widget elementor-widget-heading\" data-id=\"72b830b\" data-element_type=\"widget\" data-widget_type=\"heading.default\">\n\t\t\t\t\t<h3 class=\"elementor-heading-title elementor-size-default\">Nossos projetos<\/h3>\t\t\t\t<\/div>\n\t\t\t\t<div class=\"elementor-element elementor-element-4e5d7e7 elementor-widget__width-auto elementor-mobile-align-center elementor-widget-mobile__width-inherit elementor-widget elementor-widget-button\" data-id=\"4e5d7e7\" data-element_type=\"widget\" data-widget_type=\"button.default\">\n\t\t\t\t\t\t\t\t\t\t<a class=\"elementor-button elementor-button-link elementor-size-sm\" href=\"#\">\n\t\t\t\t\t\t<span class=\"elementor-button-content-wrapper\">\n\t\t\t\t\t\t\t\t\t<span class=\"elementor-button-text\">All Classes<\/span>\n\t\t\t\t\t<\/span>\n\t\t\t\t\t<\/a>\n\t\t\t\t\t\t\t\t<\/div>\n\t\t\t\t<\/div>\n\t\t<div class=\"elementor-element elementor-element-39e02cb e-con-full e-flex wpr-particle-no wpr-jarallax-no wpr-parallax-no wpr-sticky-section-no e-con e-child\" data-id=\"39e02cb\" data-element_type=\"container\">\n\t\t<div class=\"elementor-element elementor-element-f35ea79 e-con-full e-flex wpr-particle-no wpr-jarallax-no wpr-parallax-no wpr-sticky-section-no e-con e-child\" data-id=\"f35ea79\" data-element_type=\"container\">\n\t\t\t\t<div class=\"elementor-element elementor-element-5c5700c elementor-widget elementor-widget-image\" data-id=\"5c5700c\" data-element_type=\"widget\" data-widget_type=\"image.default\">\n\t\t\t\t\t\t\t\t\t\t\t\t\t\t\t\t<a href=\"https:\/\/midiaciencia.com\/novo\/papo-de-ciencia\/\">\n\t\t\t\t\t\t\t<img loading=\"lazy\" decoding=\"async\" width=\"495\" height=\"528\" src=\"https:\/\/midiaciencia.com\/novo\/wp-content\/uploads\/2025\/10\/papociecia.jpg\" class=\"attachment-full size-full wp-image-176\" alt=\"\" srcset=\"https:\/\/midiaciencia.com\/novo\/wp-content\/uploads\/2025\/10\/papociecia.jpg 495w, https:\/\/midiaciencia.com\/novo\/wp-content\/uploads\/2025\/10\/papociecia-281x300.jpg 281w\" sizes=\"(max-width: 495px) 100vw, 495px\" \/>\t\t\t\t\t\t\t\t<\/a>\n\t\t\t\t\t\t\t\t\t\t\t\t\t\t\t<\/div>\n\t\t\t\t<div class=\"elementor-element elementor-element-5db38e3 elementor-invisible elementor-widget elementor-widget-image-box\" data-id=\"5db38e3\" data-element_type=\"widget\" data-settings=\"{&quot;_animation&quot;:&quot;fadeInDown&quot;}\" data-widget_type=\"image-box.default\">\n\t\t\t\t\t<div class=\"elementor-image-box-wrapper\"><div class=\"elementor-image-box-content\"><h4 class=\"elementor-image-box-title\">Papo de Ci\u00eancia<\/h4><p class=\"elementor-image-box-description\">Transmitido pela Rede Educativa e dispon\u00edvel no YouTube, o Papo de Ci\u00eancia leva ao p\u00fablico as hist\u00f3rias e ideias dos cientistas de Mato Grosso do Sul. Em cada epis\u00f3dio, temas atuais s\u00e3o explorados com linguagem acess\u00edvel, aproximando a pesquisa do cotidiano e revelando o lado humano da ci\u00eancia.<\/p><\/div><\/div>\t\t\t\t<\/div>\n\t\t\t\t<\/div>\n\t\t<div class=\"elementor-element elementor-element-3b8c0a9 e-con-full e-flex wpr-particle-no wpr-jarallax-no wpr-parallax-no wpr-sticky-section-no e-con e-child\" data-id=\"3b8c0a9\" data-element_type=\"container\">\n\t\t\t\t<div class=\"elementor-element elementor-element-98773b9 elementor-widget elementor-widget-image\" data-id=\"98773b9\" data-element_type=\"widget\" data-widget_type=\"image.default\">\n\t\t\t\t\t\t\t\t\t\t\t\t\t\t\t\t<a href=\"https:\/\/midiaciencia.com\/novo\/mulheres-na-ciencia\/\">\n\t\t\t\t\t\t\t<img loading=\"lazy\" decoding=\"async\" width=\"495\" height=\"528\" src=\"https:\/\/midiaciencia.com\/novo\/wp-content\/uploads\/2025\/10\/mulheres.jpg\" class=\"attachment-full size-full wp-image-177\" alt=\"\" srcset=\"https:\/\/midiaciencia.com\/novo\/wp-content\/uploads\/2025\/10\/mulheres.jpg 495w, https:\/\/midiaciencia.com\/novo\/wp-content\/uploads\/2025\/10\/mulheres-281x300.jpg 281w\" sizes=\"(max-width: 495px) 100vw, 495px\" \/>\t\t\t\t\t\t\t\t<\/a>\n\t\t\t\t\t\t\t\t\t\t\t\t\t\t\t<\/div>\n\t\t\t\t<div class=\"elementor-element elementor-element-12e8b9b elementor-invisible elementor-widget elementor-widget-image-box\" data-id=\"12e8b9b\" data-element_type=\"widget\" data-settings=\"{&quot;_animation&quot;:&quot;fadeInDown&quot;}\" data-widget_type=\"image-box.default\">\n\t\t\t\t\t<div class=\"elementor-image-box-wrapper\"><div class=\"elementor-image-box-content\"><h4 class=\"elementor-image-box-title\">Mulheres na ci\u00eancia<\/h4><p class=\"elementor-image-box-description\">O document\u00e1rio Mulheres na Ci\u00eancia revela o percurso de pesquisadoras em diferentes est\u00e1gios de suas carreiras, mostrando os desafios, conquistas e a for\u00e7a feminina na constru\u00e7\u00e3o do saber. Uma produ\u00e7\u00e3o do MS +Ci\u00eancia que d\u00e1 visibilidade \u00e0 representatividade e refor\u00e7a a import\u00e2ncia da igualdade de g\u00eanero na pesquisa e na academia.<\/p><\/div><\/div>\t\t\t\t<\/div>\n\t\t\t\t<\/div>\n\t\t<div class=\"elementor-element elementor-element-bcd2988 e-con-full e-flex wpr-particle-no wpr-jarallax-no wpr-parallax-no wpr-sticky-section-no e-con e-child\" data-id=\"bcd2988\" data-element_type=\"container\">\n\t\t\t\t<div class=\"elementor-element elementor-element-359b899 elementor-widget elementor-widget-image\" data-id=\"359b899\" data-element_type=\"widget\" data-widget_type=\"image.default\">\n\t\t\t\t\t\t\t\t\t\t\t\t\t\t\t\t<a href=\"https:\/\/midiaciencia.com\/novo\/curso-comunica-cientista\/\">\n\t\t\t\t\t\t\t<img loading=\"lazy\" decoding=\"async\" width=\"495\" height=\"528\" src=\"https:\/\/midiaciencia.com\/novo\/wp-content\/uploads\/2025\/10\/comunica.jpg\" class=\"attachment-full size-full wp-image-178\" alt=\"\" srcset=\"https:\/\/midiaciencia.com\/novo\/wp-content\/uploads\/2025\/10\/comunica.jpg 495w, https:\/\/midiaciencia.com\/novo\/wp-content\/uploads\/2025\/10\/comunica-281x300.jpg 281w\" sizes=\"(max-width: 495px) 100vw, 495px\" \/>\t\t\t\t\t\t\t\t<\/a>\n\t\t\t\t\t\t\t\t\t\t\t\t\t\t\t<\/div>\n\t\t\t\t<div class=\"elementor-element elementor-element-44a5677 elementor-invisible elementor-widget elementor-widget-image-box\" data-id=\"44a5677\" data-element_type=\"widget\" data-settings=\"{&quot;_animation&quot;:&quot;fadeInDown&quot;}\" data-widget_type=\"image-box.default\">\n\t\t\t\t\t<div class=\"elementor-image-box-wrapper\"><div class=\"elementor-image-box-content\"><h4 class=\"elementor-image-box-title\">Comunica Cientista<\/h4><p class=\"elementor-image-box-description\">O Comunica Cientista \u00e9 uma iniciativa de forma\u00e7\u00e3o voltada para pesquisadores, professores e comunicadores que desejam aprender a transformar suas pesquisas em conte\u00fados acess\u00edveis e envolventes. Com oficinas, roteiros e pr\u00e1ticas audiovisuais, o projeto estimula novas formas de contar hist\u00f3rias cient\u00edficas e fortalecer o di\u00e1logo entre ci\u00eancia e sociedade.<\/p><\/div><\/div>\t\t\t\t<\/div>\n\t\t\t\t<\/div>\n\t\t\t\t<\/div>\n\t\t\t\t<\/div>\n\t\t<div class=\"elementor-element elementor-element-26208369 e-con-full e-flex wpr-particle-no wpr-jarallax-no wpr-parallax-no wpr-sticky-section-no e-con e-parent\" data-id=\"26208369\" data-element_type=\"container\" data-settings=\"{&quot;background_background&quot;:&quot;slideshow&quot;,&quot;background_slideshow_gallery&quot;:[{&quot;id&quot;:160,&quot;url&quot;:&quot;https:\\\/\\\/midiaciencia.com\\\/novo\\\/wp-content\\\/uploads\\\/2025\\\/10\\\/slidenovo.jpg&quot;},{&quot;id&quot;:161,&quot;url&quot;:&quot;https:\\\/\\\/midiaciencia.com\\\/novo\\\/wp-content\\\/uploads\\\/2025\\\/10\\\/slidin.jpg&quot;}],&quot;background_slideshow_slide_duration&quot;:3000,&quot;background_slideshow_ken_burns&quot;:&quot;yes&quot;,&quot;background_slideshow_ken_burns_zoom_direction&quot;:&quot;out&quot;,&quot;background_slideshow_loop&quot;:&quot;yes&quot;,&quot;background_slideshow_slide_transition&quot;:&quot;fade&quot;,&quot;background_slideshow_transition_duration&quot;:500}\">\n\t\t\t\t<div class=\"elementor-element elementor-element-3d03184d elementor-widget elementor-widget-heading\" data-id=\"3d03184d\" data-element_type=\"widget\" data-widget_type=\"heading.default\">\n\t\t\t\t\t<h2 class=\"elementor-heading-title elementor-size-default\">Fa\u00e7a ci\u00eancia. Divirta-se. \nMude o mundo!<\/h2>\t\t\t\t<\/div>\n\t\t\t\t<div class=\"elementor-element elementor-element-4e1a8f1e elementor-widget__width-initial elementor-widget-mobile__width-inherit elementor-widget elementor-widget-text-editor\" data-id=\"4e1a8f1e\" data-element_type=\"widget\" data-widget_type=\"text-editor.default\">\n\t\t\t\t\t\t\t\t\t<p>Falar e fazer ci\u00eancia \u00e9 pra todo mundo. Por isso nossa miss\u00e3o atrav\u00e9s do M\u00eddia Ci\u00eancia \u00e9 fazer todo mundo um cientista!<\/p>\t\t\t\t\t\t\t\t<\/div>\n\t\t\t\t<div class=\"elementor-element elementor-element-5353e4c8 elementor-mobile-align-center elementor-widget elementor-widget-button\" data-id=\"5353e4c8\" data-element_type=\"widget\" data-widget_type=\"button.default\">\n\t\t\t\t\t\t\t\t\t\t<a class=\"elementor-button elementor-button-link elementor-size-sm\" href=\"#\">\n\t\t\t\t\t\t<span class=\"elementor-button-content-wrapper\">\n\t\t\t\t\t\t\t\t\t<span class=\"elementor-button-text\">Conhe\u00e7a nossas a\u00e7\u00f5es<\/span>\n\t\t\t\t\t<\/span>\n\t\t\t\t\t<\/a>\n\t\t\t\t\t\t\t\t<\/div>\n\t\t\t\t<\/div>\n\t\t\t\t<\/div>\n\t\t","protected":false},"excerpt":{"rendered":"<p>Projeto vencedor do Pr\u00eamio Nacional Confap de de Ci\u00eancia, Tecnologia e Inova\u00e7\u00e3o em 2025 Primeiro lugar na categoria \u201cFomento a ecossistemas de Ci\u00eancia e Tecnologia\u201d, em erim\u00f4nia realizada na sede da Fapesp, em S\u00e3o Paulo\/SP Nossos Resultados All Classes Nossos projetos All Classes Papo de Ci\u00eancia Transmitido pela Rede Educativa e dispon\u00edvel no YouTube, o Papo de Ci\u00eancia leva ao p\u00fablico as hist\u00f3rias e ideias dos cientistas de Mato Grosso do Sul. Em cada epis\u00f3dio, temas atuais s\u00e3o explorados com linguagem acess\u00edvel, aproximando a pesquisa do cotidiano e revelando o lado humano da ci\u00eancia. Mulheres na ci\u00eancia O document\u00e1rio Mulheres na Ci\u00eancia revela o percurso de pesquisadoras em diferentes est\u00e1gios de suas carreiras, mostrando os desafios, conquistas e a for\u00e7a feminina na constru\u00e7\u00e3o do saber. Uma produ\u00e7\u00e3o do MS +Ci\u00eancia que d\u00e1 visibilidade \u00e0 representatividade e refor\u00e7a a import\u00e2ncia da igualdade de g\u00eanero na pesquisa e na academia. Comunica Cientista O Comunica Cientista \u00e9 uma iniciativa de forma\u00e7\u00e3o voltada para pesquisadores, professores e comunicadores que desejam aprender a transformar suas pesquisas em conte\u00fados acess\u00edveis e envolventes. Com oficinas, roteiros e pr\u00e1ticas audiovisuais, o projeto estimula novas formas de contar hist\u00f3rias cient\u00edficas e fortalecer o di\u00e1logo entre ci\u00eancia e sociedade. Fa\u00e7a ci\u00eancia. Divirta-se. Mude o mundo! Falar e fazer ci\u00eancia \u00e9 pra todo mundo. Por isso nossa miss\u00e3o atrav\u00e9s do M\u00eddia Ci\u00eancia \u00e9 fazer todo mundo um cientista! Conhe\u00e7a nossas a\u00e7\u00f5es<\/p>\n","protected":false},"author":1,"featured_media":0,"parent":0,"menu_order":0,"comment_status":"closed","ping_status":"closed","template":"","meta":{"_eb_attr":"","footnotes":""},"categories":[],"tags":[],"class_list":["post-122","page","type-page","status-publish","hentry"],"_links":{"self":[{"href":"https:\/\/midiaciencia.com\/novo\/wp-json\/wp\/v2\/pages\/122","targetHints":{"allow":["GET"]}}],"collection":[{"href":"https:\/\/midiaciencia.com\/novo\/wp-json\/wp\/v2\/pages"}],"about":[{"href":"https:\/\/midiaciencia.com\/novo\/wp-json\/wp\/v2\/types\/page"}],"author":[{"embeddable":true,"href":"https:\/\/midiaciencia.com\/novo\/wp-json\/wp\/v2\/users\/1"}],"replies":[{"embeddable":true,"href":"https:\/\/midiaciencia.com\/novo\/wp-json\/wp\/v2\/comments?post=122"}],"version-history":[{"count":62,"href":"https:\/\/midiaciencia.com\/novo\/wp-json\/wp\/v2\/pages\/122\/revisions"}],"predecessor-version":[{"id":516,"href":"https:\/\/midiaciencia.com\/novo\/wp-json\/wp\/v2\/pages\/122\/revisions\/516"}],"wp:attachment":[{"href":"https:\/\/midiaciencia.com\/novo\/wp-json\/wp\/v2\/media?parent=122"}],"wp:term":[{"taxonomy":"category","embeddable":true,"href":"https:\/\/midiaciencia.com\/novo\/wp-json\/wp\/v2\/categories?post=122"},{"taxonomy":"post_tag","embeddable":true,"href":"https:\/\/midiaciencia.com\/novo\/wp-json\/wp\/v2\/tags?post=122"}],"curies":[{"name":"wp","href":"https:\/\/api.w.org\/{rel}","templated":true}]}}