{"id":216,"date":"2025-10-08T14:37:14","date_gmt":"2025-10-08T17:37:14","guid":{"rendered":"https:\/\/midiaciencia.com\/novo\/?page_id=216"},"modified":"2025-10-08T14:56:05","modified_gmt":"2025-10-08T17:56:05","slug":"sobre","status":"publish","type":"page","link":"https:\/\/midiaciencia.com\/novo\/sobre\/","title":{"rendered":"Sobre"},"content":{"rendered":"\t\t<div data-elementor-type=\"wp-page\" data-elementor-id=\"216\" class=\"elementor elementor-216\" data-elementor-post-type=\"page\">\n\t\t\t\t<div class=\"elementor-element elementor-element-27e2f5b5 e-con-full e-flex wpr-particle-no wpr-jarallax-no wpr-parallax-no wpr-sticky-section-no e-con e-parent\" data-id=\"27e2f5b5\" data-element_type=\"container\" data-settings=\"{&quot;background_background&quot;:&quot;classic&quot;}\">\n\t\t<div class=\"elementor-element elementor-element-bf61137 e-con-full e-flex wpr-particle-no wpr-jarallax-no wpr-parallax-no wpr-sticky-section-no e-con e-child\" data-id=\"bf61137\" data-element_type=\"container\">\n\t\t<div class=\"elementor-element elementor-element-1170514f animated-slow e-con-full e-flex wpr-particle-no wpr-jarallax-no wpr-parallax-no wpr-sticky-section-no elementor-invisible e-con e-child\" data-id=\"1170514f\" data-element_type=\"container\" data-settings=\"{&quot;background_background&quot;:&quot;classic&quot;,&quot;animation&quot;:&quot;fadeInUp&quot;,&quot;animation_delay&quot;:600}\">\n\t\t\t\t<\/div>\n\t\t<div class=\"elementor-element elementor-element-1ac016b8 e-con-full e-flex wpr-particle-no wpr-jarallax-no wpr-parallax-no wpr-sticky-section-no e-con e-child\" data-id=\"1ac016b8\" data-element_type=\"container\">\n\t\t\t\t<div class=\"elementor-element elementor-element-d25dc82 animated-slow elementor-invisible elementor-widget elementor-widget-heading\" data-id=\"d25dc82\" data-element_type=\"widget\" data-settings=\"{&quot;_animation&quot;:&quot;slideInUp&quot;}\" data-widget_type=\"heading.default\">\n\t\t\t\t\t<h2 class=\"elementor-heading-title elementor-size-default\">Nossa miss\u00e3o atrav\u00e9s do M\u00eddia Ci\u00eancia \u00e9 fazer todo mundo um cientista!<\/h2>\t\t\t\t<\/div>\n\t\t\t\t<div class=\"elementor-element elementor-element-4223cbf elementor-blockquote--skin-clean elementor-blockquote--align-center elementor-widget elementor-widget-blockquote\" data-id=\"4223cbf\" data-element_type=\"widget\" data-widget_type=\"blockquote.default\">\n\t\t\t\t\t\t\t<blockquote class=\"elementor-blockquote\">\n\t\t\t<p class=\"elementor-blockquote__content\">\n\t\t\t\tPopularizar a \nCi\u00eancia e combater \na desinforma\u00e7\u00e3o\t\t\t<\/p>\n\t\t\t\t\t<\/blockquote>\n\t\t\t\t\t\t<\/div>\n\t\t\t\t<div class=\"elementor-element elementor-element-31845281 elementor-widget elementor-widget-text-editor\" data-id=\"31845281\" data-element_type=\"widget\" data-widget_type=\"text-editor.default\">\n\t\t\t\t\t\t\t\t\t<div><div>Impulsionada pelas din\u00e2micas digitais contempor\u00e2neas, a desinforma\u00e7\u00e3o tem se alastrado como uma pandemia nos \u00faltimos anos. Assim como a vacina\u00e7\u00e3o \u00e9 crucial para criar imunidade coletiva, a populariza\u00e7\u00e3o da ci\u00eancia se revela essencial na constru\u00e7\u00e3o de uma sociedade resistente \u00e0 desinforma\u00e7\u00e3o.<\/div><div><br><\/div><div>Nesse cen\u00e1rio desafiador, a Fundect assume um papel central por meio do projeto MS +Ci\u00eancia, posicionando-se na vanguarda da populariza\u00e7\u00e3o cient\u00edfica em Mato Grosso do Sul. Sua abordagem vers\u00e1til demonstra habilidade em adaptar-se \u00e0s mudan\u00e7as nos meios de comunica\u00e7\u00e3o, estabelecendo parcerias estrat\u00e9gicas com diversos \u00f3rg\u00e3os p\u00fablicos e privados. Essa atua\u00e7\u00e3o contribui para a edifica\u00e7\u00e3o de uma sociedade informada e resiliente.<\/div><div><br><\/div><div>Ao impulsionar as iniciativas delineadas neste documento, o projeto n\u00e3o apenas facilita o acesso \u00e0 ci\u00eancia de maneira envolvente, mas tamb\u00e9m fornece as ferramentas necess\u00e1rias para combater a desinforma\u00e7\u00e3o. Al\u00e9m disso, contribui significativamente para o fortalecimento do sistema regional de ci\u00eancia, tecnologia e inova\u00e7\u00e3o em Mato Grosso do Sul.<\/div><\/div>\t\t\t\t\t\t\t\t<\/div>\n\t\t\t\t<\/div>\n\t\t\t\t<\/div>\n\t\t\t\t<\/div>\n\t\t<div class=\"elementor-element elementor-element-482b18b4 e-con-full e-flex wpr-particle-no wpr-jarallax-no wpr-parallax-no wpr-sticky-section-no e-con e-parent\" data-id=\"482b18b4\" data-element_type=\"container\" data-settings=\"{&quot;background_background&quot;:&quot;classic&quot;}\">\n\t\t\t\t<div class=\"elementor-element elementor-element-3945cd5b animated-slow elementor-invisible elementor-widget elementor-widget-heading\" data-id=\"3945cd5b\" data-element_type=\"widget\" data-settings=\"{&quot;_animation&quot;:&quot;slideInUp&quot;}\" data-widget_type=\"heading.default\">\n\t\t\t\t\t<h2 class=\"elementor-heading-title elementor-size-default\">Nossa miss\u00e3o \u00e9 entregar a\u00e7\u00f5es<\/h2>\t\t\t\t<\/div>\n\t\t\t\t<div class=\"elementor-element elementor-element-49dc4684 animated-slow elementor-invisible elementor-widget elementor-widget-heading\" data-id=\"49dc4684\" data-element_type=\"widget\" data-settings=\"{&quot;_animation&quot;:&quot;slideInUp&quot;}\" data-widget_type=\"heading.default\">\n\t\t\t\t\t<h2 class=\"elementor-heading-title elementor-size-default\">Alguns dos nossos resultados<\/h2>\t\t\t\t<\/div>\n\t\t<div class=\"elementor-element elementor-element-1891f273 e-con-full e-flex wpr-particle-no wpr-jarallax-no wpr-parallax-no wpr-sticky-section-no e-con e-child\" data-id=\"1891f273\" data-element_type=\"container\">\n\t\t<div class=\"elementor-element elementor-element-38e2c757 e-con-full e-flex wpr-particle-no wpr-jarallax-no wpr-parallax-no wpr-sticky-section-no e-con e-child\" data-id=\"38e2c757\" data-element_type=\"container\">\n\t\t\t\t<div class=\"elementor-element elementor-element-3effb7ef elementor-widget-divider--view-line elementor-widget elementor-widget-divider\" data-id=\"3effb7ef\" data-element_type=\"widget\" data-widget_type=\"divider.default\">\n\t\t\t\t\t\t\t<div class=\"elementor-divider\">\n\t\t\t<span class=\"elementor-divider-separator\">\n\t\t\t\t\t\t<\/span>\n\t\t<\/div>\n\t\t\t\t\t\t<\/div>\n\t\t\t\t<div class=\"elementor-element elementor-element-65841404 elementor-widget elementor-widget-counter\" data-id=\"65841404\" data-element_type=\"widget\" data-widget_type=\"counter.default\">\n\t\t\t\t\t\t\t<div class=\"elementor-counter\">\n\t\t\t<div class=\"elementor-counter-title\">detetive capivara<\/div>\t\t\t<div class=\"elementor-counter-number-wrapper\">\n\t\t\t\t<span class=\"elementor-counter-number-prefix\"><\/span>\n\t\t\t\t<span class=\"elementor-counter-number\" data-duration=\"2000\" data-to-value=\"2000\" data-from-value=\"0\" data-delimiter=\",\">0<\/span>\n\t\t\t\t<span class=\"elementor-counter-number-suffix\"><\/span>\n\t\t\t<\/div>\n\t\t<\/div>\n\t\t\t\t\t\t<\/div>\n\t\t\t\t<div class=\"elementor-element elementor-element-944d8b elementor-widget elementor-widget-text-editor\" data-id=\"944d8b\" data-element_type=\"widget\" data-widget_type=\"text-editor.default\">\n\t\t\t\t\t\t\t\t\t<p>Participantes na conta\u00e7\u00e3o Detetive Capirava<\/p>\t\t\t\t\t\t\t\t<\/div>\n\t\t\t\t<\/div>\n\t\t<div class=\"elementor-element elementor-element-7e4a5203 e-con-full e-flex wpr-particle-no wpr-jarallax-no wpr-parallax-no wpr-sticky-section-no e-con e-child\" data-id=\"7e4a5203\" data-element_type=\"container\">\n\t\t\t\t<div class=\"elementor-element elementor-element-5ce11ec8 elementor-widget-divider--view-line elementor-widget elementor-widget-divider\" data-id=\"5ce11ec8\" data-element_type=\"widget\" data-widget_type=\"divider.default\">\n\t\t\t\t\t\t\t<div class=\"elementor-divider\">\n\t\t\t<span class=\"elementor-divider-separator\">\n\t\t\t\t\t\t<\/span>\n\t\t<\/div>\n\t\t\t\t\t\t<\/div>\n\t\t\t\t<div class=\"elementor-element elementor-element-694200a2 elementor-widget elementor-widget-counter\" data-id=\"694200a2\" data-element_type=\"widget\" data-widget_type=\"counter.default\">\n\t\t\t\t\t\t\t<div class=\"elementor-counter\">\n\t\t\t<div class=\"elementor-counter-title\">BOLsitas<\/div>\t\t\t<div class=\"elementor-counter-number-wrapper\">\n\t\t\t\t<span class=\"elementor-counter-number-prefix\"><\/span>\n\t\t\t\t<span class=\"elementor-counter-number\" data-duration=\"2000\" data-to-value=\"438\" data-from-value=\"0\" data-delimiter=\",\">0<\/span>\n\t\t\t\t<span class=\"elementor-counter-number-suffix\"><\/span>\n\t\t\t<\/div>\n\t\t<\/div>\n\t\t\t\t\t\t<\/div>\n\t\t\t\t<div class=\"elementor-element elementor-element-6ace439 elementor-widget elementor-widget-text-editor\" data-id=\"6ace439\" data-element_type=\"widget\" data-widget_type=\"text-editor.default\">\n\t\t\t\t\t\t\t\t\t<p>Bolsista participantes da feira de ci\u00eancia (2023)<\/p>\t\t\t\t\t\t\t\t<\/div>\n\t\t\t\t<\/div>\n\t\t<div class=\"elementor-element elementor-element-717e0269 e-con-full e-flex wpr-particle-no wpr-jarallax-no wpr-parallax-no wpr-sticky-section-no e-con e-child\" data-id=\"717e0269\" data-element_type=\"container\">\n\t\t\t\t<div class=\"elementor-element elementor-element-25ede0bf elementor-widget-divider--view-line elementor-widget elementor-widget-divider\" data-id=\"25ede0bf\" data-element_type=\"widget\" data-widget_type=\"divider.default\">\n\t\t\t\t\t\t\t<div class=\"elementor-divider\">\n\t\t\t<span class=\"elementor-divider-separator\">\n\t\t\t\t\t\t<\/span>\n\t\t<\/div>\n\t\t\t\t\t\t<\/div>\n\t\t\t\t<div class=\"elementor-element elementor-element-7906e1da elementor-widget elementor-widget-counter\" data-id=\"7906e1da\" data-element_type=\"widget\" data-widget_type=\"counter.default\">\n\t\t\t\t\t\t\t<div class=\"elementor-counter\">\n\t\t\t<div class=\"elementor-counter-title\">PICTEC<\/div>\t\t\t<div class=\"elementor-counter-number-wrapper\">\n\t\t\t\t<span class=\"elementor-counter-number-prefix\"><\/span>\n\t\t\t\t<span class=\"elementor-counter-number\" data-duration=\"2000\" data-to-value=\"1450\" data-from-value=\"0\">0<\/span>\n\t\t\t\t<span class=\"elementor-counter-number-suffix\"><\/span>\n\t\t\t<\/div>\n\t\t<\/div>\n\t\t\t\t\t\t<\/div>\n\t\t\t\t<div class=\"elementor-element elementor-element-41d5667b elementor-widget elementor-widget-text-editor\" data-id=\"41d5667b\" data-element_type=\"widget\" data-widget_type=\"text-editor.default\">\n\t\t\t\t\t\t\t\t\t<p>Projetos do Pictec que receberam orienta\u00e7\u00f5es para divulga\u00e7\u00e3o cient\u00edfica (2021-2023)<\/p>\t\t\t\t\t\t\t\t<\/div>\n\t\t\t\t<\/div>\n\t\t\t\t<\/div>\n\t\t\t\t<\/div>\n\t\t\t\t<\/div>\n\t\t","protected":false},"excerpt":{"rendered":"<p>Nossa miss\u00e3o atrav\u00e9s do M\u00eddia Ci\u00eancia \u00e9 fazer todo mundo um cientista! Popularizar a Ci\u00eancia e combater a desinforma\u00e7\u00e3o Impulsionada pelas din\u00e2micas digitais contempor\u00e2neas, a desinforma\u00e7\u00e3o tem se alastrado como uma pandemia nos \u00faltimos anos. Assim como a vacina\u00e7\u00e3o \u00e9 crucial para criar imunidade coletiva, a populariza\u00e7\u00e3o da ci\u00eancia se revela essencial na constru\u00e7\u00e3o de uma sociedade resistente \u00e0 desinforma\u00e7\u00e3o.Nesse cen\u00e1rio desafiador, a Fundect assume um papel central por meio do projeto MS +Ci\u00eancia, posicionando-se na vanguarda da populariza\u00e7\u00e3o cient\u00edfica em Mato Grosso do Sul. Sua abordagem vers\u00e1til demonstra habilidade em adaptar-se \u00e0s mudan\u00e7as nos meios de comunica\u00e7\u00e3o, estabelecendo parcerias estrat\u00e9gicas com diversos \u00f3rg\u00e3os p\u00fablicos e privados. Essa atua\u00e7\u00e3o contribui para a edifica\u00e7\u00e3o de uma sociedade informada e resiliente.Ao impulsionar as iniciativas delineadas neste documento, o projeto n\u00e3o apenas facilita o acesso \u00e0 ci\u00eancia de maneira envolvente, mas tamb\u00e9m fornece as ferramentas necess\u00e1rias para combater a desinforma\u00e7\u00e3o. Al\u00e9m disso, contribui significativamente para o fortalecimento do sistema regional de ci\u00eancia, tecnologia e inova\u00e7\u00e3o em Mato Grosso do Sul. Nossa miss\u00e3o \u00e9 entregar a\u00e7\u00f5es Alguns dos nossos resultados detetive capivara 0 Participantes na conta\u00e7\u00e3o Detetive Capirava BOLsitas 0 Bolsista participantes da feira de ci\u00eancia (2023) PICTEC 0 Projetos do Pictec que receberam orienta\u00e7\u00f5es para divulga\u00e7\u00e3o cient\u00edfica (2021-2023)<\/p>\n","protected":false},"author":1,"featured_media":0,"parent":0,"menu_order":0,"comment_status":"closed","ping_status":"closed","template":"","meta":{"_eb_attr":"","footnotes":""},"categories":[],"tags":[],"class_list":["post-216","page","type-page","status-publish","hentry"],"_links":{"self":[{"href":"https:\/\/midiaciencia.com\/novo\/wp-json\/wp\/v2\/pages\/216","targetHints":{"allow":["GET"]}}],"collection":[{"href":"https:\/\/midiaciencia.com\/novo\/wp-json\/wp\/v2\/pages"}],"about":[{"href":"https:\/\/midiaciencia.com\/novo\/wp-json\/wp\/v2\/types\/page"}],"author":[{"embeddable":true,"href":"https:\/\/midiaciencia.com\/novo\/wp-json\/wp\/v2\/users\/1"}],"replies":[{"embeddable":true,"href":"https:\/\/midiaciencia.com\/novo\/wp-json\/wp\/v2\/comments?post=216"}],"version-history":[{"count":10,"href":"https:\/\/midiaciencia.com\/novo\/wp-json\/wp\/v2\/pages\/216\/revisions"}],"predecessor-version":[{"id":232,"href":"https:\/\/midiaciencia.com\/novo\/wp-json\/wp\/v2\/pages\/216\/revisions\/232"}],"wp:attachment":[{"href":"https:\/\/midiaciencia.com\/novo\/wp-json\/wp\/v2\/media?parent=216"}],"wp:term":[{"taxonomy":"category","embeddable":true,"href":"https:\/\/midiaciencia.com\/novo\/wp-json\/wp\/v2\/categories?post=216"},{"taxonomy":"post_tag","embeddable":true,"href":"https:\/\/midiaciencia.com\/novo\/wp-json\/wp\/v2\/tags?post=216"}],"curies":[{"name":"wp","href":"https:\/\/api.w.org\/{rel}","templated":true}]}}