{"id":257,"date":"2025-10-08T15:40:13","date_gmt":"2025-10-08T18:40:13","guid":{"rendered":"https:\/\/midiaciencia.com\/novo\/?page_id=257"},"modified":"2025-11-06T06:56:53","modified_gmt":"2025-11-06T09:56:53","slug":"quem-faz-o-midia","status":"publish","type":"page","link":"https:\/\/midiaciencia.com\/novo\/quem-faz-o-midia\/","title":{"rendered":"Quem faz o m\u00eddia"},"content":{"rendered":"\t\t<div data-elementor-type=\"wp-page\" data-elementor-id=\"257\" class=\"elementor elementor-257\" data-elementor-post-type=\"page\">\n\t\t\t\t<div class=\"elementor-element elementor-element-99de7cc e-con-full e-flex wpr-particle-no wpr-jarallax-no wpr-parallax-no wpr-sticky-section-no e-con e-parent\" data-id=\"99de7cc\" data-element_type=\"container\" data-settings=\"{&quot;background_background&quot;:&quot;classic&quot;}\">\n\t\t<div class=\"elementor-element elementor-element-ff1fa8f e-flex e-con-boxed wpr-particle-no wpr-jarallax-no wpr-parallax-no wpr-sticky-section-no e-con e-child\" data-id=\"ff1fa8f\" data-element_type=\"container\">\n\t\t\t\t\t<div class=\"e-con-inner\">\n\t\t\t\t<div class=\"elementor-element elementor-element-84054dc elementor-widget__width-inherit elementor-widget elementor-widget-heading\" data-id=\"84054dc\" data-element_type=\"widget\" data-widget_type=\"heading.default\">\n\t\t\t\t\t<p class=\"elementor-heading-title elementor-size-default\">descubra como a ci\u00eancia pode estar mais pr\u00f3xima de voc\u00ea.<\/p>\t\t\t\t<\/div>\n\t\t\t\t<div class=\"elementor-element elementor-element-bfed7b8 elementor-widget__width-inherit elementor-widget elementor-widget-heading\" data-id=\"bfed7b8\" data-element_type=\"widget\" data-widget_type=\"heading.default\">\n\t\t\t\t\t<h2 class=\"elementor-heading-title elementor-size-default\">Quem faz o m\u00eddia acontecer?<\/h2>\t\t\t\t<\/div>\n\t\t\t\t<div class=\"elementor-element elementor-element-54ff254 elementor-widget elementor-widget-text-editor\" data-id=\"54ff254\" data-element_type=\"widget\" data-widget_type=\"text-editor.default\">\n\t\t\t\t\t\t\t\t\t<p class=\"p1\">Mais do que um projeto, o <span class=\"s1\"><b>M\u00eddia Ci\u00eancia<\/b><\/span>\u00a0\u00e9 uma rede de pessoas apaixonadas por compartilhar saberes e fortalecer a cultura cient\u00edfica em Mato Grosso do Sul. Cada integrante contribui com seu olhar, sua experi\u00eancia e sua dedica\u00e7\u00e3o para transformar a forma como a ci\u00eancia \u00e9 percebida e vivida pela sociedade.<\/p>\t\t\t\t\t\t\t\t<\/div>\n\t\t\t\t\t<\/div>\n\t\t\t\t<\/div>\n\t\t\t\t<\/div>\n\t\t<div class=\"elementor-element elementor-element-72430589 e-flex e-con-boxed wpr-particle-no wpr-jarallax-no wpr-parallax-no wpr-sticky-section-no e-con e-parent\" data-id=\"72430589\" data-element_type=\"container\" data-settings=\"{&quot;background_background&quot;:&quot;classic&quot;}\">\n\t\t\t\t\t<div class=\"e-con-inner\">\n\t\t\t\t<div class=\"elementor-element elementor-element-721a6771 elementor-widget-tablet__width-initial elementor-widget-mobile__width-inherit elementor-widget__width-initial elementor-position-top elementor-widget elementor-widget-image-box\" data-id=\"721a6771\" data-element_type=\"widget\" data-settings=\"{&quot;motion_fx_motion_fx_scrolling&quot;:&quot;yes&quot;,&quot;motion_fx_translateY_effect&quot;:&quot;yes&quot;,&quot;motion_fx_translateY_speed&quot;:{&quot;unit&quot;:&quot;px&quot;,&quot;size&quot;:1,&quot;sizes&quot;:[]},&quot;motion_fx_translateY_affectedRange&quot;:{&quot;unit&quot;:&quot;%&quot;,&quot;size&quot;:&quot;&quot;,&quot;sizes&quot;:{&quot;start&quot;:0,&quot;end&quot;:49}},&quot;motion_fx_devices&quot;:[&quot;desktop&quot;]}\" data-widget_type=\"image-box.default\">\n\t\t\t\t\t<div class=\"elementor-image-box-wrapper\"><figure class=\"elementor-image-box-img\"><a href=\"https:\/\/midiaciencia.com\/novo\/andre-mazini\/\" tabindex=\"-1\"><img fetchpriority=\"high\" decoding=\"async\" width=\"853\" height=\"1280\" src=\"https:\/\/midiaciencia.com\/novo\/wp-content\/uploads\/2025\/10\/PHOTO-2025-09-18-20-30-53.jpg\" class=\"attachment-full size-full wp-image-268\" alt=\"\" srcset=\"https:\/\/midiaciencia.com\/novo\/wp-content\/uploads\/2025\/10\/PHOTO-2025-09-18-20-30-53.jpg 853w, https:\/\/midiaciencia.com\/novo\/wp-content\/uploads\/2025\/10\/PHOTO-2025-09-18-20-30-53-200x300.jpg 200w, https:\/\/midiaciencia.com\/novo\/wp-content\/uploads\/2025\/10\/PHOTO-2025-09-18-20-30-53-682x1024.jpg 682w, https:\/\/midiaciencia.com\/novo\/wp-content\/uploads\/2025\/10\/PHOTO-2025-09-18-20-30-53-768x1152.jpg 768w\" sizes=\"(max-width: 853px) 100vw, 853px\" \/><\/a><\/figure><div class=\"elementor-image-box-content\"><h3 class=\"elementor-image-box-title\"><a href=\"https:\/\/midiaciencia.com\/novo\/andre-mazini\/\">Andr\u00e9 Mazini<\/a><\/h3><p class=\"elementor-image-box-description\">Jornalista e coordenador geral do projeto.<\/p><\/div><\/div>\t\t\t\t<\/div>\n\t\t\t\t<div class=\"elementor-element elementor-element-611f8489 elementor-widget-tablet__width-initial elementor-widget-mobile__width-inherit elementor-widget__width-initial elementor-position-top elementor-widget elementor-widget-image-box\" data-id=\"611f8489\" data-element_type=\"widget\" data-settings=\"{&quot;motion_fx_motion_fx_scrolling&quot;:&quot;yes&quot;,&quot;motion_fx_translateY_effect&quot;:&quot;yes&quot;,&quot;motion_fx_translateY_direction&quot;:&quot;negative&quot;,&quot;motion_fx_translateY_speed&quot;:{&quot;unit&quot;:&quot;px&quot;,&quot;size&quot;:0.5,&quot;sizes&quot;:[]},&quot;motion_fx_translateY_affectedRange&quot;:{&quot;unit&quot;:&quot;%&quot;,&quot;size&quot;:&quot;&quot;,&quot;sizes&quot;:{&quot;start&quot;:0,&quot;end&quot;:50}},&quot;motion_fx_devices&quot;:[&quot;desktop&quot;]}\" data-widget_type=\"image-box.default\">\n\t\t\t\t\t<div class=\"elementor-image-box-wrapper\"><figure class=\"elementor-image-box-img\"><img decoding=\"async\" width=\"970\" height=\"900\" src=\"https:\/\/midiaciencia.com\/novo\/wp-content\/uploads\/2025\/10\/whatsapp-image-2023-06-29-at-20-43-34.jpg\" class=\"attachment-full size-full wp-image-81\" alt=\"\" srcset=\"https:\/\/midiaciencia.com\/novo\/wp-content\/uploads\/2025\/10\/whatsapp-image-2023-06-29-at-20-43-34.jpg 970w, https:\/\/midiaciencia.com\/novo\/wp-content\/uploads\/2025\/10\/whatsapp-image-2023-06-29-at-20-43-34-300x278.jpg 300w, https:\/\/midiaciencia.com\/novo\/wp-content\/uploads\/2025\/10\/whatsapp-image-2023-06-29-at-20-43-34-768x713.jpg 768w\" sizes=\"(max-width: 970px) 100vw, 970px\" \/><\/figure><div class=\"elementor-image-box-content\"><h3 class=\"elementor-image-box-title\">Bruno Moser<\/h3><p class=\"elementor-image-box-description\">Jornalista e coordenador do Nupop (N\u00facleo de Populariza\u00e7\u00e3o da Ci\u00eancia do projeto).<\/p><\/div><\/div>\t\t\t\t<\/div>\n\t\t\t\t<div class=\"elementor-element elementor-element-6d140270 elementor-widget-tablet__width-initial elementor-widget-mobile__width-inherit elementor-widget__width-initial elementor-position-top elementor-widget elementor-widget-image-box\" data-id=\"6d140270\" data-element_type=\"widget\" data-settings=\"{&quot;motion_fx_motion_fx_scrolling&quot;:&quot;yes&quot;,&quot;motion_fx_translateY_effect&quot;:&quot;yes&quot;,&quot;motion_fx_translateY_speed&quot;:{&quot;unit&quot;:&quot;px&quot;,&quot;size&quot;:1,&quot;sizes&quot;:[]},&quot;motion_fx_translateY_affectedRange&quot;:{&quot;unit&quot;:&quot;%&quot;,&quot;size&quot;:&quot;&quot;,&quot;sizes&quot;:{&quot;start&quot;:0,&quot;end&quot;:49}},&quot;motion_fx_devices&quot;:[&quot;desktop&quot;]}\" data-widget_type=\"image-box.default\">\n\t\t\t\t\t<div class=\"elementor-image-box-wrapper\"><figure class=\"elementor-image-box-img\"><img decoding=\"async\" width=\"1080\" height=\"1080\" src=\"https:\/\/midiaciencia.com\/novo\/wp-content\/uploads\/2025\/11\/menino.jpg\" class=\"attachment-full size-full wp-image-351\" alt=\"\" srcset=\"https:\/\/midiaciencia.com\/novo\/wp-content\/uploads\/2025\/11\/menino.jpg 1080w, https:\/\/midiaciencia.com\/novo\/wp-content\/uploads\/2025\/11\/menino-300x300.jpg 300w, https:\/\/midiaciencia.com\/novo\/wp-content\/uploads\/2025\/11\/menino-1024x1024.jpg 1024w, https:\/\/midiaciencia.com\/novo\/wp-content\/uploads\/2025\/11\/menino-150x150.jpg 150w, https:\/\/midiaciencia.com\/novo\/wp-content\/uploads\/2025\/11\/menino-768x768.jpg 768w\" sizes=\"(max-width: 1080px) 100vw, 1080px\" \/><\/figure><div class=\"elementor-image-box-content\"><h3 class=\"elementor-image-box-title\">Edgar da Silva<\/h3><p class=\"elementor-image-box-description\">Comunicador, com experi\u00eancia de atua\u00e7\u00e3o, no mercado publicit\u00e1rio, coordena estrat\u00e9gias de comunica\u00e7\u00e3o e engajamento na internet.<\/p><\/div><\/div>\t\t\t\t<\/div>\n\t\t\t\t<div class=\"elementor-element elementor-element-1eecb2c4 elementor-widget-tablet__width-initial elementor-widget-mobile__width-inherit elementor-widget__width-initial elementor-position-top elementor-widget elementor-widget-image-box\" data-id=\"1eecb2c4\" data-element_type=\"widget\" data-settings=\"{&quot;motion_fx_motion_fx_scrolling&quot;:&quot;yes&quot;,&quot;motion_fx_translateY_effect&quot;:&quot;yes&quot;,&quot;motion_fx_translateY_direction&quot;:&quot;negative&quot;,&quot;motion_fx_translateY_speed&quot;:{&quot;unit&quot;:&quot;px&quot;,&quot;size&quot;:0.5,&quot;sizes&quot;:[]},&quot;motion_fx_translateY_affectedRange&quot;:{&quot;unit&quot;:&quot;%&quot;,&quot;size&quot;:&quot;&quot;,&quot;sizes&quot;:{&quot;start&quot;:0,&quot;end&quot;:49}},&quot;motion_fx_devices&quot;:[&quot;desktop&quot;]}\" data-widget_type=\"image-box.default\">\n\t\t\t\t\t<div class=\"elementor-image-box-wrapper\"><figure class=\"elementor-image-box-img\"><img loading=\"lazy\" decoding=\"async\" width=\"687\" height=\"687\" src=\"https:\/\/midiaciencia.com\/novo\/wp-content\/uploads\/2025\/11\/menina.jpg\" class=\"attachment-full size-full wp-image-352\" alt=\"\" srcset=\"https:\/\/midiaciencia.com\/novo\/wp-content\/uploads\/2025\/11\/menina.jpg 687w, https:\/\/midiaciencia.com\/novo\/wp-content\/uploads\/2025\/11\/menina-300x300.jpg 300w, https:\/\/midiaciencia.com\/novo\/wp-content\/uploads\/2025\/11\/menina-150x150.jpg 150w\" sizes=\"(max-width: 687px) 100vw, 687px\" \/><\/figure><div class=\"elementor-image-box-content\"><h3 class=\"elementor-image-box-title\">Fernanda Savaris<\/h3><p class=\"elementor-image-box-description\">Coordenadora de Redes Sociais \n<\/p><\/div><\/div>\t\t\t\t<\/div>\n\t\t\t\t\t<\/div>\n\t\t\t\t<\/div>\n\t\t<div class=\"elementor-element elementor-element-dbd495e e-flex e-con-boxed wpr-particle-no wpr-jarallax-no wpr-parallax-no wpr-sticky-section-no e-con e-parent\" data-id=\"dbd495e\" data-element_type=\"container\" data-settings=\"{&quot;background_background&quot;:&quot;classic&quot;}\">\n\t\t\t\t\t<div class=\"e-con-inner\">\n\t\t\t\t<div class=\"elementor-element elementor-element-b07b534 elementor-widget-tablet__width-initial elementor-widget-mobile__width-inherit elementor-widget__width-initial elementor-position-top elementor-widget elementor-widget-image-box\" data-id=\"b07b534\" data-element_type=\"widget\" data-settings=\"{&quot;motion_fx_motion_fx_scrolling&quot;:&quot;yes&quot;,&quot;motion_fx_translateY_effect&quot;:&quot;yes&quot;,&quot;motion_fx_translateY_speed&quot;:{&quot;unit&quot;:&quot;px&quot;,&quot;size&quot;:1,&quot;sizes&quot;:[]},&quot;motion_fx_translateY_affectedRange&quot;:{&quot;unit&quot;:&quot;%&quot;,&quot;size&quot;:&quot;&quot;,&quot;sizes&quot;:{&quot;start&quot;:0,&quot;end&quot;:49}},&quot;motion_fx_devices&quot;:[&quot;desktop&quot;]}\" data-widget_type=\"image-box.default\">\n\t\t\t\t\t<div class=\"elementor-image-box-wrapper\"><figure class=\"elementor-image-box-img\"><img decoding=\"async\" width=\"1080\" height=\"1080\" src=\"https:\/\/midiaciencia.com\/novo\/wp-content\/uploads\/2025\/11\/menino.jpg\" class=\"attachment-full size-full wp-image-351\" alt=\"\" srcset=\"https:\/\/midiaciencia.com\/novo\/wp-content\/uploads\/2025\/11\/menino.jpg 1080w, https:\/\/midiaciencia.com\/novo\/wp-content\/uploads\/2025\/11\/menino-300x300.jpg 300w, https:\/\/midiaciencia.com\/novo\/wp-content\/uploads\/2025\/11\/menino-1024x1024.jpg 1024w, https:\/\/midiaciencia.com\/novo\/wp-content\/uploads\/2025\/11\/menino-150x150.jpg 150w, https:\/\/midiaciencia.com\/novo\/wp-content\/uploads\/2025\/11\/menino-768x768.jpg 768w\" sizes=\"(max-width: 1080px) 100vw, 1080px\" \/><\/figure><div class=\"elementor-image-box-content\"><h3 class=\"elementor-image-box-title\">Lucas Ver\u00e3o<\/h3><p class=\"elementor-image-box-description\">Coordenadora de Jornalismo Cient\u00edfico\n<\/p><\/div><\/div>\t\t\t\t<\/div>\n\t\t\t\t<div class=\"elementor-element elementor-element-6ef9b80 elementor-widget-tablet__width-initial elementor-widget-mobile__width-inherit elementor-widget__width-initial elementor-position-top elementor-widget elementor-widget-image-box\" data-id=\"6ef9b80\" data-element_type=\"widget\" data-settings=\"{&quot;motion_fx_motion_fx_scrolling&quot;:&quot;yes&quot;,&quot;motion_fx_translateY_effect&quot;:&quot;yes&quot;,&quot;motion_fx_translateY_direction&quot;:&quot;negative&quot;,&quot;motion_fx_translateY_speed&quot;:{&quot;unit&quot;:&quot;px&quot;,&quot;size&quot;:0.5,&quot;sizes&quot;:[]},&quot;motion_fx_translateY_affectedRange&quot;:{&quot;unit&quot;:&quot;%&quot;,&quot;size&quot;:&quot;&quot;,&quot;sizes&quot;:{&quot;start&quot;:0,&quot;end&quot;:50}},&quot;motion_fx_devices&quot;:[&quot;desktop&quot;]}\" data-widget_type=\"image-box.default\">\n\t\t\t\t\t<div class=\"elementor-image-box-wrapper\"><figure class=\"elementor-image-box-img\"><img decoding=\"async\" width=\"1080\" height=\"1080\" src=\"https:\/\/midiaciencia.com\/novo\/wp-content\/uploads\/2025\/11\/menino.jpg\" class=\"attachment-full size-full wp-image-351\" alt=\"\" srcset=\"https:\/\/midiaciencia.com\/novo\/wp-content\/uploads\/2025\/11\/menino.jpg 1080w, https:\/\/midiaciencia.com\/novo\/wp-content\/uploads\/2025\/11\/menino-300x300.jpg 300w, https:\/\/midiaciencia.com\/novo\/wp-content\/uploads\/2025\/11\/menino-1024x1024.jpg 1024w, https:\/\/midiaciencia.com\/novo\/wp-content\/uploads\/2025\/11\/menino-150x150.jpg 150w, https:\/\/midiaciencia.com\/novo\/wp-content\/uploads\/2025\/11\/menino-768x768.jpg 768w\" sizes=\"(max-width: 1080px) 100vw, 1080px\" \/><\/figure><div class=\"elementor-image-box-content\"><h3 class=\"elementor-image-box-title\">Paulo Gomes<\/h3><p class=\"elementor-image-box-description\">jornalista<\/p><\/div><\/div>\t\t\t\t<\/div>\n\t\t\t\t<div class=\"elementor-element elementor-element-22ec8bf elementor-widget-tablet__width-initial elementor-widget-mobile__width-inherit elementor-widget__width-initial elementor-position-top elementor-widget elementor-widget-image-box\" data-id=\"22ec8bf\" data-element_type=\"widget\" data-settings=\"{&quot;motion_fx_motion_fx_scrolling&quot;:&quot;yes&quot;,&quot;motion_fx_translateY_effect&quot;:&quot;yes&quot;,&quot;motion_fx_translateY_speed&quot;:{&quot;unit&quot;:&quot;px&quot;,&quot;size&quot;:1,&quot;sizes&quot;:[]},&quot;motion_fx_translateY_affectedRange&quot;:{&quot;unit&quot;:&quot;%&quot;,&quot;size&quot;:&quot;&quot;,&quot;sizes&quot;:{&quot;start&quot;:0,&quot;end&quot;:49}},&quot;motion_fx_devices&quot;:[&quot;desktop&quot;]}\" data-widget_type=\"image-box.default\">\n\t\t\t\t\t<div class=\"elementor-image-box-wrapper\"><figure class=\"elementor-image-box-img\"><img decoding=\"async\" width=\"1080\" height=\"1080\" src=\"https:\/\/midiaciencia.com\/novo\/wp-content\/uploads\/2025\/11\/menino.jpg\" class=\"attachment-full size-full wp-image-351\" alt=\"\" srcset=\"https:\/\/midiaciencia.com\/novo\/wp-content\/uploads\/2025\/11\/menino.jpg 1080w, https:\/\/midiaciencia.com\/novo\/wp-content\/uploads\/2025\/11\/menino-300x300.jpg 300w, https:\/\/midiaciencia.com\/novo\/wp-content\/uploads\/2025\/11\/menino-1024x1024.jpg 1024w, https:\/\/midiaciencia.com\/novo\/wp-content\/uploads\/2025\/11\/menino-150x150.jpg 150w, https:\/\/midiaciencia.com\/novo\/wp-content\/uploads\/2025\/11\/menino-768x768.jpg 768w\" sizes=\"(max-width: 1080px) 100vw, 1080px\" \/><\/figure><div class=\"elementor-image-box-content\"><h3 class=\"elementor-image-box-title\">Magdiel Trella<\/h3><p class=\"elementor-image-box-description\">Fot\u00f3grafo<\/p><\/div><\/div>\t\t\t\t<\/div>\n\t\t\t\t<div class=\"elementor-element elementor-element-5dd73c2 elementor-widget-tablet__width-initial elementor-widget-mobile__width-inherit elementor-widget__width-initial elementor-position-top elementor-widget elementor-widget-image-box\" data-id=\"5dd73c2\" data-element_type=\"widget\" data-settings=\"{&quot;motion_fx_motion_fx_scrolling&quot;:&quot;yes&quot;,&quot;motion_fx_translateY_effect&quot;:&quot;yes&quot;,&quot;motion_fx_translateY_direction&quot;:&quot;negative&quot;,&quot;motion_fx_translateY_speed&quot;:{&quot;unit&quot;:&quot;px&quot;,&quot;size&quot;:0.5,&quot;sizes&quot;:[]},&quot;motion_fx_translateY_affectedRange&quot;:{&quot;unit&quot;:&quot;%&quot;,&quot;size&quot;:&quot;&quot;,&quot;sizes&quot;:{&quot;start&quot;:0,&quot;end&quot;:49}},&quot;motion_fx_devices&quot;:[&quot;desktop&quot;]}\" data-widget_type=\"image-box.default\">\n\t\t\t\t\t<div class=\"elementor-image-box-wrapper\"><figure class=\"elementor-image-box-img\"><img loading=\"lazy\" decoding=\"async\" width=\"687\" height=\"687\" src=\"https:\/\/midiaciencia.com\/novo\/wp-content\/uploads\/2025\/11\/menina.jpg\" class=\"attachment-full size-full wp-image-352\" alt=\"\" srcset=\"https:\/\/midiaciencia.com\/novo\/wp-content\/uploads\/2025\/11\/menina.jpg 687w, https:\/\/midiaciencia.com\/novo\/wp-content\/uploads\/2025\/11\/menina-300x300.jpg 300w, https:\/\/midiaciencia.com\/novo\/wp-content\/uploads\/2025\/11\/menina-150x150.jpg 150w\" sizes=\"(max-width: 687px) 100vw, 687px\" \/><\/figure><div class=\"elementor-image-box-content\"><h3 class=\"elementor-image-box-title\">Camila Ferreira<\/h3><p class=\"elementor-image-box-description\">assistente administrativa\n<\/p><\/div><\/div>\t\t\t\t<\/div>\n\t\t\t\t\t<\/div>\n\t\t\t\t<\/div>\n\t\t<div class=\"elementor-element elementor-element-e3d6733 e-flex e-con-boxed wpr-particle-no wpr-jarallax-no wpr-parallax-no wpr-sticky-section-no e-con e-parent\" data-id=\"e3d6733\" data-element_type=\"container\" data-settings=\"{&quot;background_background&quot;:&quot;classic&quot;}\">\n\t\t\t\t\t<div class=\"e-con-inner\">\n\t\t\t\t<div class=\"elementor-element elementor-element-e871b8b elementor-widget-tablet__width-initial elementor-widget-mobile__width-inherit elementor-widget__width-initial elementor-position-top elementor-widget elementor-widget-image-box\" data-id=\"e871b8b\" data-element_type=\"widget\" data-settings=\"{&quot;motion_fx_motion_fx_scrolling&quot;:&quot;yes&quot;,&quot;motion_fx_translateY_effect&quot;:&quot;yes&quot;,&quot;motion_fx_translateY_speed&quot;:{&quot;unit&quot;:&quot;px&quot;,&quot;size&quot;:1,&quot;sizes&quot;:[]},&quot;motion_fx_translateY_affectedRange&quot;:{&quot;unit&quot;:&quot;%&quot;,&quot;size&quot;:&quot;&quot;,&quot;sizes&quot;:{&quot;start&quot;:0,&quot;end&quot;:49}},&quot;motion_fx_devices&quot;:[&quot;desktop&quot;]}\" data-widget_type=\"image-box.default\">\n\t\t\t\t\t<div class=\"elementor-image-box-wrapper\"><figure class=\"elementor-image-box-img\"><img loading=\"lazy\" decoding=\"async\" width=\"687\" height=\"687\" src=\"https:\/\/midiaciencia.com\/novo\/wp-content\/uploads\/2025\/11\/menina.jpg\" class=\"attachment-full size-full wp-image-352\" alt=\"\" srcset=\"https:\/\/midiaciencia.com\/novo\/wp-content\/uploads\/2025\/11\/menina.jpg 687w, https:\/\/midiaciencia.com\/novo\/wp-content\/uploads\/2025\/11\/menina-300x300.jpg 300w, https:\/\/midiaciencia.com\/novo\/wp-content\/uploads\/2025\/11\/menina-150x150.jpg 150w\" sizes=\"(max-width: 687px) 100vw, 687px\" \/><\/figure><div class=\"elementor-image-box-content\"><h3 class=\"elementor-image-box-title\">Luiza tenan<\/h3><p class=\"elementor-image-box-description\">jornalista<\/p><\/div><\/div>\t\t\t\t<\/div>\n\t\t\t\t<div class=\"elementor-element elementor-element-ec3749c elementor-widget-tablet__width-initial elementor-widget-mobile__width-inherit elementor-widget__width-initial elementor-position-top elementor-widget elementor-widget-image-box\" data-id=\"ec3749c\" data-element_type=\"widget\" data-settings=\"{&quot;motion_fx_motion_fx_scrolling&quot;:&quot;yes&quot;,&quot;motion_fx_translateY_effect&quot;:&quot;yes&quot;,&quot;motion_fx_translateY_direction&quot;:&quot;negative&quot;,&quot;motion_fx_translateY_speed&quot;:{&quot;unit&quot;:&quot;px&quot;,&quot;size&quot;:0.5,&quot;sizes&quot;:[]},&quot;motion_fx_translateY_affectedRange&quot;:{&quot;unit&quot;:&quot;%&quot;,&quot;size&quot;:&quot;&quot;,&quot;sizes&quot;:{&quot;start&quot;:0,&quot;end&quot;:50}},&quot;motion_fx_devices&quot;:[&quot;desktop&quot;]}\" data-widget_type=\"image-box.default\">\n\t\t\t\t\t<div class=\"elementor-image-box-wrapper\"><figure class=\"elementor-image-box-img\"><img decoding=\"async\" width=\"1080\" height=\"1080\" src=\"https:\/\/midiaciencia.com\/novo\/wp-content\/uploads\/2025\/11\/menino.jpg\" class=\"attachment-full size-full wp-image-351\" alt=\"\" srcset=\"https:\/\/midiaciencia.com\/novo\/wp-content\/uploads\/2025\/11\/menino.jpg 1080w, https:\/\/midiaciencia.com\/novo\/wp-content\/uploads\/2025\/11\/menino-300x300.jpg 300w, https:\/\/midiaciencia.com\/novo\/wp-content\/uploads\/2025\/11\/menino-1024x1024.jpg 1024w, https:\/\/midiaciencia.com\/novo\/wp-content\/uploads\/2025\/11\/menino-150x150.jpg 150w, https:\/\/midiaciencia.com\/novo\/wp-content\/uploads\/2025\/11\/menino-768x768.jpg 768w\" sizes=\"(max-width: 1080px) 100vw, 1080px\" \/><\/figure><div class=\"elementor-image-box-content\"><h3 class=\"elementor-image-box-title\">Adriano arguelho<\/h3><p class=\"elementor-image-box-description\">publicitario<\/p><\/div><\/div>\t\t\t\t<\/div>\n\t\t\t\t\t<\/div>\n\t\t\t\t<\/div>\n\t\t\t\t<\/div>\n\t\t","protected":false},"excerpt":{"rendered":"<p>descubra como a ci\u00eancia pode estar mais pr\u00f3xima de voc\u00ea. Quem faz o m\u00eddia acontecer? Mais do que um projeto, o M\u00eddia Ci\u00eancia\u00a0\u00e9 uma rede de pessoas apaixonadas por compartilhar saberes e fortalecer a cultura cient\u00edfica em Mato Grosso do Sul. Cada integrante contribui com seu olhar, sua experi\u00eancia e sua dedica\u00e7\u00e3o para transformar a forma como a ci\u00eancia \u00e9 percebida e vivida pela sociedade. Andr\u00e9 Mazini Jornalista e coordenador geral do projeto. Bruno Moser Jornalista e coordenador do Nupop (N\u00facleo de Populariza\u00e7\u00e3o da Ci\u00eancia do projeto). Edgar da Silva Comunicador, com experi\u00eancia de atua\u00e7\u00e3o, no mercado publicit\u00e1rio, coordena estrat\u00e9gias de comunica\u00e7\u00e3o e engajamento na internet. Fernanda Savaris Coordenadora de Redes Sociais Lucas Ver\u00e3o Coordenadora de Jornalismo Cient\u00edfico Paulo Gomes jornalista Magdiel Trella Fot\u00f3grafo Camila Ferreira assistente administrativa Luiza tenan jornalista Adriano arguelho publicitario<\/p>\n","protected":false},"author":1,"featured_media":0,"parent":0,"menu_order":0,"comment_status":"closed","ping_status":"closed","template":"","meta":{"_eb_attr":"","footnotes":""},"categories":[],"tags":[],"class_list":["post-257","page","type-page","status-publish","hentry"],"_links":{"self":[{"href":"https:\/\/midiaciencia.com\/novo\/wp-json\/wp\/v2\/pages\/257","targetHints":{"allow":["GET"]}}],"collection":[{"href":"https:\/\/midiaciencia.com\/novo\/wp-json\/wp\/v2\/pages"}],"about":[{"href":"https:\/\/midiaciencia.com\/novo\/wp-json\/wp\/v2\/types\/page"}],"author":[{"embeddable":true,"href":"https:\/\/midiaciencia.com\/novo\/wp-json\/wp\/v2\/users\/1"}],"replies":[{"embeddable":true,"href":"https:\/\/midiaciencia.com\/novo\/wp-json\/wp\/v2\/comments?post=257"}],"version-history":[{"count":13,"href":"https:\/\/midiaciencia.com\/novo\/wp-json\/wp\/v2\/pages\/257\/revisions"}],"predecessor-version":[{"id":355,"href":"https:\/\/midiaciencia.com\/novo\/wp-json\/wp\/v2\/pages\/257\/revisions\/355"}],"wp:attachment":[{"href":"https:\/\/midiaciencia.com\/novo\/wp-json\/wp\/v2\/media?parent=257"}],"wp:term":[{"taxonomy":"category","embeddable":true,"href":"https:\/\/midiaciencia.com\/novo\/wp-json\/wp\/v2\/categories?post=257"},{"taxonomy":"post_tag","embeddable":true,"href":"https:\/\/midiaciencia.com\/novo\/wp-json\/wp\/v2\/tags?post=257"}],"curies":[{"name":"wp","href":"https:\/\/api.w.org\/{rel}","templated":true}]}}