{"id":275,"date":"2025-10-08T15:52:04","date_gmt":"2025-10-08T18:52:04","guid":{"rendered":"https:\/\/midiaciencia.com\/novo\/?page_id=275"},"modified":"2025-10-08T15:56:22","modified_gmt":"2025-10-08T18:56:22","slug":"andre-mazini","status":"publish","type":"page","link":"https:\/\/midiaciencia.com\/novo\/andre-mazini\/","title":{"rendered":"Andre Mazini"},"content":{"rendered":"\t\t<div data-elementor-type=\"wp-page\" data-elementor-id=\"275\" class=\"elementor elementor-275\" data-elementor-post-type=\"page\">\n\t\t\t\t<div class=\"elementor-element elementor-element-672db7c7 e-con-full e-flex wpr-particle-no wpr-jarallax-no wpr-parallax-no wpr-sticky-section-no e-con e-parent\" data-id=\"672db7c7\" data-element_type=\"container\">\n\t\t<div class=\"elementor-element elementor-element-6746745a e-con-full e-flex wpr-particle-no wpr-jarallax-no wpr-parallax-no wpr-sticky-section-no e-con e-child\" data-id=\"6746745a\" data-element_type=\"container\">\n\t\t\t\t<div class=\"elementor-element elementor-element-3f83ba3f elementor-widget elementor-widget-heading\" data-id=\"3f83ba3f\" data-element_type=\"widget\" data-widget_type=\"heading.default\">\n\t\t\t\t\t<h1 class=\"elementor-heading-title elementor-size-default\">Andr\u00e9 Mazini<\/h1>\t\t\t\t<\/div>\n\t\t\t\t<div class=\"elementor-element elementor-element-44824c50 elementor-widget elementor-widget-text-editor\" data-id=\"44824c50\" data-element_type=\"widget\" data-widget_type=\"text-editor.default\">\n\t\t\t\t\t\t\t\t\t<p>Andr\u00e9 Mazini \u00e9 jornalista, mestre em Comunica\u00e7\u00e3o Social (Umesp), mestre em Antropologia Iberoamericana pela Universidad de Salamanca (Espanha), onde foi indicado entre os \u201cMejores Expedientes Acad\u00e9micos\u201d de 2014-2015, e doutor em Hist\u00f3ria (UFGD).\u00a0<\/p><p>Atua com comunica\u00e7\u00e3o p\u00fablica da ci\u00eancia, populariza\u00e7\u00e3o do conhecimento e estrat\u00e9gias criativas de divulga\u00e7\u00e3o cient\u00edfica. \u00c9 coordenador do projeto MS +Ci\u00eancia, vencedor do Pr\u00eamio Nacional da Confap de Boas Pr\u00e1ticas em Fomento \u00e0 CT&amp;I (2025).\u00a0<\/p><p>Foi tamb\u00e9m finalista do Pr\u00eamio Est\u00e1cio de Jornalismo em Educa\u00e7\u00e3o, no Museu do Amanh\u00e3 (RJ), com produ\u00e7\u00e3o independente de jornalismo cient\u00edfico. Suas a\u00e7\u00f5es j\u00e1 foram apresentadas em institui\u00e7\u00f5es como o IMPA (RJ), SBPC (Recife), e em recentes experi\u00eancias latino-americanas na Argentina, Col\u00f4mbia e Paraguai.<\/p>\t\t\t\t\t\t\t\t<\/div>\n\t\t\t\t<\/div>\n\t\t<div class=\"elementor-element elementor-element-3915a79d e-con-full e-flex wpr-particle-no wpr-jarallax-no wpr-parallax-no wpr-sticky-section-no e-con e-child\" data-id=\"3915a79d\" data-element_type=\"container\" data-settings=\"{&quot;background_background&quot;:&quot;classic&quot;}\">\n\t\t\t\t<div class=\"elementor-element elementor-element-66e12d17 elementor-widget elementor-widget-image\" data-id=\"66e12d17\" data-element_type=\"widget\" data-widget_type=\"image.default\">\n\t\t\t\t\t\t\t\t\t\t\t\t\t\t\t<img fetchpriority=\"high\" decoding=\"async\" width=\"682\" height=\"1024\" src=\"https:\/\/midiaciencia.com\/novo\/wp-content\/uploads\/2025\/10\/PHOTO-2025-09-18-20-30-53-682x1024.jpg\" class=\"attachment-large size-large wp-image-268\" alt=\"\" srcset=\"https:\/\/midiaciencia.com\/novo\/wp-content\/uploads\/2025\/10\/PHOTO-2025-09-18-20-30-53-682x1024.jpg 682w, https:\/\/midiaciencia.com\/novo\/wp-content\/uploads\/2025\/10\/PHOTO-2025-09-18-20-30-53-200x300.jpg 200w, https:\/\/midiaciencia.com\/novo\/wp-content\/uploads\/2025\/10\/PHOTO-2025-09-18-20-30-53-768x1152.jpg 768w, https:\/\/midiaciencia.com\/novo\/wp-content\/uploads\/2025\/10\/PHOTO-2025-09-18-20-30-53.jpg 853w\" sizes=\"(max-width: 682px) 100vw, 682px\" \/>\t\t\t\t\t\t\t\t\t\t\t\t\t\t\t<\/div>\n\t\t\t\t<\/div>\n\t\t\t\t<\/div>\n\t\t\t\t<\/div>\n\t\t","protected":false},"excerpt":{"rendered":"<p>Andr\u00e9 Mazini Andr\u00e9 Mazini \u00e9 jornalista, mestre em Comunica\u00e7\u00e3o Social (Umesp), mestre em Antropologia Iberoamericana pela Universidad de Salamanca (Espanha), onde foi indicado entre os \u201cMejores Expedientes Acad\u00e9micos\u201d de 2014-2015, e doutor em Hist\u00f3ria (UFGD).\u00a0 Atua com comunica\u00e7\u00e3o p\u00fablica da ci\u00eancia, populariza\u00e7\u00e3o do conhecimento e estrat\u00e9gias criativas de divulga\u00e7\u00e3o cient\u00edfica. \u00c9 coordenador do projeto MS +Ci\u00eancia, vencedor do Pr\u00eamio Nacional da Confap de Boas Pr\u00e1ticas em Fomento \u00e0 CT&amp;I (2025).\u00a0 Foi tamb\u00e9m finalista do Pr\u00eamio Est\u00e1cio de Jornalismo em Educa\u00e7\u00e3o, no Museu do Amanh\u00e3 (RJ), com produ\u00e7\u00e3o independente de jornalismo cient\u00edfico. Suas a\u00e7\u00f5es j\u00e1 foram apresentadas em institui\u00e7\u00f5es como o IMPA (RJ), SBPC (Recife), e em recentes experi\u00eancias latino-americanas na Argentina, Col\u00f4mbia e Paraguai.<\/p>\n","protected":false},"author":1,"featured_media":0,"parent":0,"menu_order":0,"comment_status":"closed","ping_status":"closed","template":"","meta":{"_eb_attr":"","footnotes":""},"categories":[],"tags":[],"class_list":["post-275","page","type-page","status-publish","hentry"],"_links":{"self":[{"href":"https:\/\/midiaciencia.com\/novo\/wp-json\/wp\/v2\/pages\/275","targetHints":{"allow":["GET"]}}],"collection":[{"href":"https:\/\/midiaciencia.com\/novo\/wp-json\/wp\/v2\/pages"}],"about":[{"href":"https:\/\/midiaciencia.com\/novo\/wp-json\/wp\/v2\/types\/page"}],"author":[{"embeddable":true,"href":"https:\/\/midiaciencia.com\/novo\/wp-json\/wp\/v2\/users\/1"}],"replies":[{"embeddable":true,"href":"https:\/\/midiaciencia.com\/novo\/wp-json\/wp\/v2\/comments?post=275"}],"version-history":[{"count":4,"href":"https:\/\/midiaciencia.com\/novo\/wp-json\/wp\/v2\/pages\/275\/revisions"}],"predecessor-version":[{"id":281,"href":"https:\/\/midiaciencia.com\/novo\/wp-json\/wp\/v2\/pages\/275\/revisions\/281"}],"wp:attachment":[{"href":"https:\/\/midiaciencia.com\/novo\/wp-json\/wp\/v2\/media?parent=275"}],"wp:term":[{"taxonomy":"category","embeddable":true,"href":"https:\/\/midiaciencia.com\/novo\/wp-json\/wp\/v2\/categories?post=275"},{"taxonomy":"post_tag","embeddable":true,"href":"https:\/\/midiaciencia.com\/novo\/wp-json\/wp\/v2\/tags?post=275"}],"curies":[{"name":"wp","href":"https:\/\/api.w.org\/{rel}","templated":true}]}}