{"id":323,"date":"2025-10-31T11:37:33","date_gmt":"2025-10-31T14:37:33","guid":{"rendered":"https:\/\/midiaciencia.com\/novo\/?page_id=323"},"modified":"2025-10-31T11:46:08","modified_gmt":"2025-10-31T14:46:08","slug":"acoes-em-aldeias","status":"publish","type":"page","link":"https:\/\/midiaciencia.com\/novo\/acoes-em-aldeias\/","title":{"rendered":"A\u00e7\u00f5es em aldeias"},"content":{"rendered":"\t\t<div data-elementor-type=\"wp-post\" data-elementor-id=\"323\" class=\"elementor elementor-323\" data-elementor-post-type=\"page\">\n\t\t\t\t<div class=\"elementor-element elementor-element-5c724ac5 e-con-full e-flex wpr-particle-no wpr-jarallax-no wpr-parallax-no wpr-sticky-section-no e-con e-parent\" data-id=\"5c724ac5\" data-element_type=\"container\" data-settings=\"{&quot;background_background&quot;:&quot;classic&quot;}\">\n\t\t<div class=\"elementor-element elementor-element-604d6959 e-con-full e-flex wpr-particle-no wpr-jarallax-no wpr-parallax-no wpr-sticky-section-no e-con e-child\" data-id=\"604d6959\" data-element_type=\"container\">\n\t\t\t\t<div class=\"elementor-element elementor-element-667061ae elementor-widget__width-inherit elementor-widget-divider--view-line elementor-invisible elementor-widget elementor-widget-divider\" data-id=\"667061ae\" data-element_type=\"widget\" data-settings=\"{&quot;_animation&quot;:&quot;fadeInLeft&quot;}\" data-widget_type=\"divider.default\">\n\t\t\t\t\t\t\t<div class=\"elementor-divider\">\n\t\t\t<span class=\"elementor-divider-separator\">\n\t\t\t\t\t\t<\/span>\n\t\t<\/div>\n\t\t\t\t\t\t<\/div>\n\t\t\t\t<div class=\"elementor-element elementor-element-634ccbcb elementor-widget__width-initial elementor-widget-tablet__width-inherit elementor-widget elementor-widget-heading\" data-id=\"634ccbcb\" data-element_type=\"widget\" data-widget_type=\"heading.default\">\n\t\t\t\t\t<h2 class=\"elementor-heading-title elementor-size-default\">A\u00e7\u00f5es nas aldeias<\/h2>\t\t\t\t<\/div>\n\t\t\t\t<div class=\"elementor-element elementor-element-769f21bf elementor-widget__width-initial elementor-widget-tablet__width-inherit elementor-widget elementor-widget-text-editor\" data-id=\"769f21bf\" data-element_type=\"widget\" data-widget_type=\"text-editor.default\">\n\t\t\t\t\t\t\t\t\t<p class=\"p1\">O <span class=\"s1\"><b>MS +Ci\u00eancia<\/b><\/span> tem realizado a\u00e7\u00f5es presenciais em diversas aldeias de Mato Grosso do Sul com o objetivo de aproximar as comunidades ind\u00edgenas das universidades p\u00fablicas do estado \u2014 especialmente da <span class=\"s1\"><b>UEMS<\/b><\/span>, a \u00fanica universidade brasileira que reserva <span class=\"s1\"><b>10% das vagas de todos os cursos de gradua\u00e7\u00e3o para estudantes ind\u00edgenas<\/b><\/span>.<\/p>\t\t\t\t\t\t\t\t<\/div>\n\t\t\t\t<\/div>\n\t\t\t\t<div class=\"elementor-element elementor-element-da7b5a0 elementor-widget__width-inherit elementor-invisible elementor-widget elementor-widget-image\" data-id=\"da7b5a0\" data-element_type=\"widget\" data-settings=\"{&quot;_animation&quot;:&quot;fadeInUp&quot;}\" data-widget_type=\"image.default\">\n\t\t\t\t\t\t\t\t\t\t\t\t\t\t\t<img fetchpriority=\"high\" decoding=\"async\" width=\"1920\" height=\"957\" src=\"https:\/\/midiaciencia.com\/novo\/wp-content\/uploads\/2025\/10\/indigenas.png\" class=\"attachment-full size-full wp-image-327\" alt=\"\" srcset=\"https:\/\/midiaciencia.com\/novo\/wp-content\/uploads\/2025\/10\/indigenas.png 1920w, https:\/\/midiaciencia.com\/novo\/wp-content\/uploads\/2025\/10\/indigenas-300x150.png 300w, https:\/\/midiaciencia.com\/novo\/wp-content\/uploads\/2025\/10\/indigenas-1024x510.png 1024w, https:\/\/midiaciencia.com\/novo\/wp-content\/uploads\/2025\/10\/indigenas-768x383.png 768w, https:\/\/midiaciencia.com\/novo\/wp-content\/uploads\/2025\/10\/indigenas-1536x766.png 1536w\" sizes=\"(max-width: 1920px) 100vw, 1920px\" \/>\t\t\t\t\t\t\t\t\t\t\t\t\t\t\t<\/div>\n\t\t\t\t<\/div>\n\t\t<div class=\"elementor-element elementor-element-4929155d e-con-full e-flex wpr-particle-no wpr-jarallax-no wpr-parallax-no wpr-sticky-section-no e-con e-parent\" data-id=\"4929155d\" data-element_type=\"container\" data-settings=\"{&quot;background_background&quot;:&quot;classic&quot;}\">\n\t\t<div class=\"elementor-element elementor-element-14f5150f e-con-full e-flex wpr-particle-no wpr-jarallax-no wpr-parallax-no wpr-sticky-section-no e-con e-child\" data-id=\"14f5150f\" data-element_type=\"container\">\n\t\t\t\t<div class=\"elementor-element elementor-element-196ec405 elementor-widget elementor-widget-heading\" data-id=\"196ec405\" data-element_type=\"widget\" data-widget_type=\"heading.default\">\n\t\t\t\t\t<h2 class=\"elementor-heading-title elementor-size-default\">Aproximando saberes, fortalecendo pontes\n<\/h2>\t\t\t\t<\/div>\n\t\t\t\t<div class=\"elementor-element elementor-element-5757bfe3 elementor-widget elementor-widget-text-editor\" data-id=\"5757bfe3\" data-element_type=\"widget\" data-widget_type=\"text-editor.default\">\n\t\t\t\t\t\t\t\t\t<p class=\"p1\">Essas atividades buscam <span class=\"s1\"><b>divulgar as diferentes formas de ingresso no ensino superior<\/b><\/span> voltadas \u00e0 popula\u00e7\u00e3o ind\u00edgena, al\u00e9m de apresentar <span class=\"s1\"><b>programas de bolsas e aux\u00edlios<\/b><\/span> que garantem condi\u00e7\u00f5es para perman\u00eancia e conclus\u00e3o da gradua\u00e7\u00e3o.<\/p><p class=\"p1\">Mais do que informar, o projeto busca <span class=\"s1\"><b>inspirar jovens ind\u00edgenas a reconhecerem a universidade como um espa\u00e7o poss\u00edvel e acolhedor<\/b><\/span>, valorizando a diversidade cultural como parte essencial da constru\u00e7\u00e3o do conhecimento cient\u00edfico.<\/p><p class=\"p3\"><span class=\"s2\">As a\u00e7\u00f5es refor\u00e7am o compromisso do <\/span><b>MS +Ci\u00eancia<\/b><span class=\"s2\"> com a <\/span><b>democratiza\u00e7\u00e3o do acesso ao conhecimento<\/b><span class=\"s2\"> e com uma ci\u00eancia que <\/span><b>respeita, aprende e se enriquece com os saberes tradicionais<\/b><span class=\"s2\">.<\/span><\/p><p class=\"p3\"><span class=\"s2\">\u2728 <\/span><b>Ci\u00eancia tamb\u00e9m se faz com di\u00e1logo, diversidade e inclus\u00e3o.<\/b><\/p>\t\t\t\t\t\t\t\t<\/div>\n\t\t\t\t<\/div>\n\t\t\t\t<div class=\"elementor-element elementor-element-8b32f6e elementor-widget__width-initial elementor-widget-tablet__width-inherit elementor-widget elementor-widget-image\" data-id=\"8b32f6e\" data-element_type=\"widget\" data-widget_type=\"image.default\">\n\t\t\t\t\t\t\t\t\t\t\t\t\t\t\t<img decoding=\"async\" width=\"800\" height=\"533\" src=\"https:\/\/midiaciencia.com\/novo\/wp-content\/uploads\/2025\/10\/indios-1024x682.png\" class=\"attachment-large size-large wp-image-326\" alt=\"\" srcset=\"https:\/\/midiaciencia.com\/novo\/wp-content\/uploads\/2025\/10\/indios-1024x682.png 1024w, https:\/\/midiaciencia.com\/novo\/wp-content\/uploads\/2025\/10\/indios-300x200.png 300w, https:\/\/midiaciencia.com\/novo\/wp-content\/uploads\/2025\/10\/indios-768x512.png 768w, https:\/\/midiaciencia.com\/novo\/wp-content\/uploads\/2025\/10\/indios-1536x1024.png 1536w, https:\/\/midiaciencia.com\/novo\/wp-content\/uploads\/2025\/10\/indios.png 2000w\" sizes=\"(max-width: 800px) 100vw, 800px\" \/>\t\t\t\t\t\t\t\t\t\t\t\t\t\t\t<\/div>\n\t\t\t\t<\/div>\n\t\t\t\t<\/div>\n\t\t","protected":false},"excerpt":{"rendered":"<p>A\u00e7\u00f5es nas aldeias O MS +Ci\u00eancia tem realizado a\u00e7\u00f5es presenciais em diversas aldeias de Mato Grosso do Sul com o objetivo de aproximar as comunidades ind\u00edgenas das universidades p\u00fablicas do estado \u2014 especialmente da UEMS, a \u00fanica universidade brasileira que reserva 10% das vagas de todos os cursos de gradua\u00e7\u00e3o para estudantes ind\u00edgenas. Aproximando saberes, fortalecendo pontes Essas atividades buscam divulgar as diferentes formas de ingresso no ensino superior voltadas \u00e0 popula\u00e7\u00e3o ind\u00edgena, al\u00e9m de apresentar programas de bolsas e aux\u00edlios que garantem condi\u00e7\u00f5es para perman\u00eancia e conclus\u00e3o da gradua\u00e7\u00e3o. Mais do que informar, o projeto busca inspirar jovens ind\u00edgenas a reconhecerem a universidade como um espa\u00e7o poss\u00edvel e acolhedor, valorizando a diversidade cultural como parte essencial da constru\u00e7\u00e3o do conhecimento cient\u00edfico. As a\u00e7\u00f5es refor\u00e7am o compromisso do MS +Ci\u00eancia com a democratiza\u00e7\u00e3o do acesso ao conhecimento e com uma ci\u00eancia que respeita, aprende e se enriquece com os saberes tradicionais. \u2728 Ci\u00eancia tamb\u00e9m se faz com di\u00e1logo, diversidade e inclus\u00e3o.<\/p>\n","protected":false},"author":1,"featured_media":0,"parent":0,"menu_order":0,"comment_status":"closed","ping_status":"closed","template":"","meta":{"_eb_attr":"","footnotes":""},"categories":[],"tags":[],"class_list":["post-323","page","type-page","status-publish","hentry"],"_links":{"self":[{"href":"https:\/\/midiaciencia.com\/novo\/wp-json\/wp\/v2\/pages\/323","targetHints":{"allow":["GET"]}}],"collection":[{"href":"https:\/\/midiaciencia.com\/novo\/wp-json\/wp\/v2\/pages"}],"about":[{"href":"https:\/\/midiaciencia.com\/novo\/wp-json\/wp\/v2\/types\/page"}],"author":[{"embeddable":true,"href":"https:\/\/midiaciencia.com\/novo\/wp-json\/wp\/v2\/users\/1"}],"replies":[{"embeddable":true,"href":"https:\/\/midiaciencia.com\/novo\/wp-json\/wp\/v2\/comments?post=323"}],"version-history":[{"count":4,"href":"https:\/\/midiaciencia.com\/novo\/wp-json\/wp\/v2\/pages\/323\/revisions"}],"predecessor-version":[{"id":330,"href":"https:\/\/midiaciencia.com\/novo\/wp-json\/wp\/v2\/pages\/323\/revisions\/330"}],"wp:attachment":[{"href":"https:\/\/midiaciencia.com\/novo\/wp-json\/wp\/v2\/media?parent=323"}],"wp:term":[{"taxonomy":"category","embeddable":true,"href":"https:\/\/midiaciencia.com\/novo\/wp-json\/wp\/v2\/categories?post=323"},{"taxonomy":"post_tag","embeddable":true,"href":"https:\/\/midiaciencia.com\/novo\/wp-json\/wp\/v2\/tags?post=323"}],"curies":[{"name":"wp","href":"https:\/\/api.w.org\/{rel}","templated":true}]}}