{"id":370,"date":"2025-11-06T07:05:44","date_gmt":"2025-11-06T10:05:44","guid":{"rendered":"https:\/\/midiaciencia.com\/novo\/?page_id=370"},"modified":"2025-11-06T07:07:07","modified_gmt":"2025-11-06T10:07:07","slug":"encontro-de-iniciacao-cientifica-no-bioparque-pantanal","status":"publish","type":"page","link":"https:\/\/midiaciencia.com\/novo\/encontro-de-iniciacao-cientifica-no-bioparque-pantanal\/","title":{"rendered":"Encontro de Inicia\u00e7\u00e3o Cient\u00edfica no Bioparque Pantanal"},"content":{"rendered":"\t\t<div data-elementor-type=\"wp-post\" data-elementor-id=\"370\" class=\"elementor elementor-370\" data-elementor-post-type=\"page\">\n\t\t\t\t<div class=\"elementor-element elementor-element-4929155d e-con-full e-flex wpr-particle-no wpr-jarallax-no wpr-parallax-no wpr-sticky-section-no e-con e-parent\" data-id=\"4929155d\" data-element_type=\"container\" data-settings=\"{&quot;background_background&quot;:&quot;classic&quot;}\">\n\t\t<div class=\"elementor-element elementor-element-14f5150f e-con-full e-flex wpr-particle-no wpr-jarallax-no wpr-parallax-no wpr-sticky-section-no e-con e-child\" data-id=\"14f5150f\" data-element_type=\"container\">\n\t\t\t\t<div class=\"elementor-element elementor-element-196ec405 elementor-widget elementor-widget-heading\" data-id=\"196ec405\" data-element_type=\"widget\" data-widget_type=\"heading.default\">\n\t\t\t\t\t<h2 class=\"elementor-heading-title elementor-size-default\">Encontro de Inicia\u00e7\u00e3o Cient\u00edfica no Bioparque Pantanal<\/h2>\t\t\t\t<\/div>\n\t\t\t\t<div class=\"elementor-element elementor-element-5757bfe3 elementor-widget elementor-widget-text-editor\" data-id=\"5757bfe3\" data-element_type=\"widget\" data-widget_type=\"text-editor.default\">\n\t\t\t\t\t\t\t\t\t<p><span style=\"font-weight: 400;\">O 1\u00ba Encontro de Inicia\u00e7\u00e3o Cient\u00edfica do Bioparque Pantanal, realizado em 4 de dezembro de 2024, reuniu estudantes do ensino fundamental e m\u00e9dio de 11 escolas de Campo Grande, Jaraguari e Guia Lopes da Laguna. Os participantes apresentaram os resultados das pesquisas desenvolvidas ao longo do ano no \u00e2mbito do Clube de Ci\u00eancias, coordenado pelo N\u00facleo de Educa\u00e7\u00e3o Ambiental do Bioparque.<\/span><\/p><p><span style=\"font-weight: 400;\">\u00a0<\/span><span style=\"font-weight: 400;\">O evento contou com a participa\u00e7\u00e3o especial do projeto M\u00eddia Ci\u00eancia, respons\u00e1vel pela palestra principal, que abordou o tema comunica\u00e7\u00e3o e divulga\u00e7\u00e3o cient\u00edfica. A apresenta\u00e7\u00e3o destacou a import\u00e2ncia de traduzir o conhecimento produzido nas escolas e universidades para a sociedade de forma acess\u00edvel e criativa, incentivando os jovens pesquisadores a se tornarem tamb\u00e9m comunicadores da ci\u00eancia que produzem.<\/span><\/p><p><span style=\"font-weight: 400;\">A iniciativa refor\u00e7ou os pilares de Pesquisa e Educa\u00e7\u00e3o Ambiental do Bioparque Pantanal e ampliou o di\u00e1logo entre ci\u00eancia, educa\u00e7\u00e3o e comunica\u00e7\u00e3o em Mato Grosso do Sul.<\/span><\/p>\t\t\t\t\t\t\t\t<\/div>\n\t\t\t\t<\/div>\n\t\t\t\t<div class=\"elementor-element elementor-element-8b32f6e elementor-widget__width-initial elementor-widget-tablet__width-inherit elementor-widget elementor-widget-image\" data-id=\"8b32f6e\" data-element_type=\"widget\" data-widget_type=\"image.default\">\n\t\t\t\t\t\t\t\t\t\t\t\t\t\t\t<img fetchpriority=\"high\" decoding=\"async\" width=\"800\" height=\"600\" src=\"https:\/\/midiaciencia.com\/novo\/wp-content\/uploads\/2025\/11\/WhatsApp-Image-2024-12-05-at-10.14.12-1024x768.jpeg\" class=\"attachment-large size-large wp-image-372\" alt=\"\" srcset=\"https:\/\/midiaciencia.com\/novo\/wp-content\/uploads\/2025\/11\/WhatsApp-Image-2024-12-05-at-10.14.12-1024x768.jpeg 1024w, https:\/\/midiaciencia.com\/novo\/wp-content\/uploads\/2025\/11\/WhatsApp-Image-2024-12-05-at-10.14.12-300x225.jpeg 300w, https:\/\/midiaciencia.com\/novo\/wp-content\/uploads\/2025\/11\/WhatsApp-Image-2024-12-05-at-10.14.12-768x576.jpeg 768w, https:\/\/midiaciencia.com\/novo\/wp-content\/uploads\/2025\/11\/WhatsApp-Image-2024-12-05-at-10.14.12-1536x1152.jpeg 1536w, https:\/\/midiaciencia.com\/novo\/wp-content\/uploads\/2025\/11\/WhatsApp-Image-2024-12-05-at-10.14.12.jpeg 1600w\" sizes=\"(max-width: 800px) 100vw, 800px\" \/>\t\t\t\t\t\t\t\t\t\t\t\t\t\t\t<\/div>\n\t\t\t\t<\/div>\n\t\t\t\t<\/div>\n\t\t","protected":false},"excerpt":{"rendered":"<p>Encontro de Inicia\u00e7\u00e3o Cient\u00edfica no Bioparque Pantanal O 1\u00ba Encontro de Inicia\u00e7\u00e3o Cient\u00edfica do Bioparque Pantanal, realizado em 4 de dezembro de 2024, reuniu estudantes do ensino fundamental e m\u00e9dio de 11 escolas de Campo Grande, Jaraguari e Guia Lopes da Laguna. Os participantes apresentaram os resultados das pesquisas desenvolvidas ao longo do ano no \u00e2mbito do Clube de Ci\u00eancias, coordenado pelo N\u00facleo de Educa\u00e7\u00e3o Ambiental do Bioparque. \u00a0O evento contou com a participa\u00e7\u00e3o especial do projeto M\u00eddia Ci\u00eancia, respons\u00e1vel pela palestra principal, que abordou o tema comunica\u00e7\u00e3o e divulga\u00e7\u00e3o cient\u00edfica. A apresenta\u00e7\u00e3o destacou a import\u00e2ncia de traduzir o conhecimento produzido nas escolas e universidades para a sociedade de forma acess\u00edvel e criativa, incentivando os jovens pesquisadores a se tornarem tamb\u00e9m comunicadores da ci\u00eancia que produzem. A iniciativa refor\u00e7ou os pilares de Pesquisa e Educa\u00e7\u00e3o Ambiental do Bioparque Pantanal e ampliou o di\u00e1logo entre ci\u00eancia, educa\u00e7\u00e3o e comunica\u00e7\u00e3o em Mato Grosso do Sul.<\/p>\n","protected":false},"author":1,"featured_media":0,"parent":0,"menu_order":0,"comment_status":"closed","ping_status":"closed","template":"","meta":{"_eb_attr":"","footnotes":""},"categories":[],"tags":[],"class_list":["post-370","page","type-page","status-publish","hentry"],"_links":{"self":[{"href":"https:\/\/midiaciencia.com\/novo\/wp-json\/wp\/v2\/pages\/370","targetHints":{"allow":["GET"]}}],"collection":[{"href":"https:\/\/midiaciencia.com\/novo\/wp-json\/wp\/v2\/pages"}],"about":[{"href":"https:\/\/midiaciencia.com\/novo\/wp-json\/wp\/v2\/types\/page"}],"author":[{"embeddable":true,"href":"https:\/\/midiaciencia.com\/novo\/wp-json\/wp\/v2\/users\/1"}],"replies":[{"embeddable":true,"href":"https:\/\/midiaciencia.com\/novo\/wp-json\/wp\/v2\/comments?post=370"}],"version-history":[{"count":4,"href":"https:\/\/midiaciencia.com\/novo\/wp-json\/wp\/v2\/pages\/370\/revisions"}],"predecessor-version":[{"id":375,"href":"https:\/\/midiaciencia.com\/novo\/wp-json\/wp\/v2\/pages\/370\/revisions\/375"}],"wp:attachment":[{"href":"https:\/\/midiaciencia.com\/novo\/wp-json\/wp\/v2\/media?parent=370"}],"wp:term":[{"taxonomy":"category","embeddable":true,"href":"https:\/\/midiaciencia.com\/novo\/wp-json\/wp\/v2\/categories?post=370"},{"taxonomy":"post_tag","embeddable":true,"href":"https:\/\/midiaciencia.com\/novo\/wp-json\/wp\/v2\/tags?post=370"}],"curies":[{"name":"wp","href":"https:\/\/api.w.org\/{rel}","templated":true}]}}