{"id":385,"date":"2025-11-06T07:46:25","date_gmt":"2025-11-06T10:46:25","guid":{"rendered":"https:\/\/midiaciencia.com\/novo\/?page_id=385"},"modified":"2025-11-06T07:53:25","modified_gmt":"2025-11-06T10:53:25","slug":"realidade-virtual-na-pantanaltech","status":"publish","type":"page","link":"https:\/\/midiaciencia.com\/novo\/realidade-virtual-na-pantanaltech\/","title":{"rendered":"Realidade Virtual na PantanalTech"},"content":{"rendered":"\t\t<div data-elementor-type=\"wp-post\" data-elementor-id=\"385\" class=\"elementor elementor-385\" data-elementor-post-type=\"page\">\n\t\t\t\t<div class=\"elementor-element elementor-element-4929155d e-con-full e-flex wpr-particle-no wpr-jarallax-no wpr-parallax-no wpr-sticky-section-no e-con e-parent\" data-id=\"4929155d\" data-element_type=\"container\" data-settings=\"{&quot;background_background&quot;:&quot;classic&quot;}\">\n\t\t<div class=\"elementor-element elementor-element-14f5150f e-con-full e-flex wpr-particle-no wpr-jarallax-no wpr-parallax-no wpr-sticky-section-no e-con e-child\" data-id=\"14f5150f\" data-element_type=\"container\">\n\t\t\t\t<div class=\"elementor-element elementor-element-196ec405 elementor-widget elementor-widget-heading\" data-id=\"196ec405\" data-element_type=\"widget\" data-widget_type=\"heading.default\">\n\t\t\t\t\t<h2 class=\"elementor-heading-title elementor-size-default\">Realidade Virtual na PantanalTech<\/h2>\t\t\t\t<\/div>\n\t\t\t\t<div class=\"elementor-element elementor-element-5757bfe3 elementor-widget elementor-widget-text-editor\" data-id=\"5757bfe3\" data-element_type=\"widget\" data-widget_type=\"text-editor.default\">\n\t\t\t\t\t\t\t\t\t<p><span style=\"font-weight: 400;\">O M\u00eddia Ci\u00eancia tem participado ativamente das edi\u00e7\u00f5es da PantanalTech, feira voltada \u00e0 promo\u00e7\u00e3o da ci\u00eancia, inova\u00e7\u00e3o e do desenvolvimento sustent\u00e1vel na regi\u00e3o do Pantanal.<\/span><\/p><p><span style=\"font-weight: 400;\">Entre as a\u00e7\u00f5es realizadas pelo projeto durante o evento, destaca-se a experi\u00eancia imersiva em realidade virtual, que permite ao p\u00fablico explorar conte\u00fados cient\u00edficos de forma interativa e envolvente. Por meio de equipamentos de VR, os participantes t\u00eam acesso a simula\u00e7\u00f5es educativas e experi\u00eancias que aproximam a ci\u00eancia do cotidiano, despertando o interesse pela pesquisa e pela preserva\u00e7\u00e3o ambiental.<\/span><\/p><p><span style=\"font-weight: 400;\">Essa iniciativa refor\u00e7a o compromisso do M\u00eddia Ci\u00eancia com a populariza\u00e7\u00e3o da ci\u00eancia e o uso de tecnologias inovadoras para a educa\u00e7\u00e3o e a divulga\u00e7\u00e3o cient\u00edfica.<\/span><\/p>\t\t\t\t\t\t\t\t<\/div>\n\t\t\t\t<\/div>\n\t\t\t\t<div class=\"elementor-element elementor-element-8b32f6e elementor-widget__width-initial elementor-widget-tablet__width-inherit elementor-widget elementor-widget-image\" data-id=\"8b32f6e\" data-element_type=\"widget\" data-widget_type=\"image.default\">\n\t\t\t\t\t\t\t\t\t\t\t\t\t\t\t<img fetchpriority=\"high\" decoding=\"async\" width=\"523\" height=\"889\" src=\"https:\/\/midiaciencia.com\/novo\/wp-content\/uploads\/2025\/11\/oculos3d.jpg\" class=\"attachment-large size-large wp-image-388\" alt=\"\" srcset=\"https:\/\/midiaciencia.com\/novo\/wp-content\/uploads\/2025\/11\/oculos3d.jpg 523w, https:\/\/midiaciencia.com\/novo\/wp-content\/uploads\/2025\/11\/oculos3d-176x300.jpg 176w\" sizes=\"(max-width: 523px) 100vw, 523px\" \/>\t\t\t\t\t\t\t\t\t\t\t\t\t\t\t<\/div>\n\t\t\t\t<\/div>\n\t\t\t\t<\/div>\n\t\t","protected":false},"excerpt":{"rendered":"<p>Realidade Virtual na PantanalTech O M\u00eddia Ci\u00eancia tem participado ativamente das edi\u00e7\u00f5es da PantanalTech, feira voltada \u00e0 promo\u00e7\u00e3o da ci\u00eancia, inova\u00e7\u00e3o e do desenvolvimento sustent\u00e1vel na regi\u00e3o do Pantanal. Entre as a\u00e7\u00f5es realizadas pelo projeto durante o evento, destaca-se a experi\u00eancia imersiva em realidade virtual, que permite ao p\u00fablico explorar conte\u00fados cient\u00edficos de forma interativa e envolvente. Por meio de equipamentos de VR, os participantes t\u00eam acesso a simula\u00e7\u00f5es educativas e experi\u00eancias que aproximam a ci\u00eancia do cotidiano, despertando o interesse pela pesquisa e pela preserva\u00e7\u00e3o ambiental. Essa iniciativa refor\u00e7a o compromisso do M\u00eddia Ci\u00eancia com a populariza\u00e7\u00e3o da ci\u00eancia e o uso de tecnologias inovadoras para a educa\u00e7\u00e3o e a divulga\u00e7\u00e3o cient\u00edfica.<\/p>\n","protected":false},"author":1,"featured_media":0,"parent":0,"menu_order":0,"comment_status":"closed","ping_status":"closed","template":"","meta":{"_eb_attr":"","footnotes":""},"categories":[],"tags":[],"class_list":["post-385","page","type-page","status-publish","hentry"],"_links":{"self":[{"href":"https:\/\/midiaciencia.com\/novo\/wp-json\/wp\/v2\/pages\/385","targetHints":{"allow":["GET"]}}],"collection":[{"href":"https:\/\/midiaciencia.com\/novo\/wp-json\/wp\/v2\/pages"}],"about":[{"href":"https:\/\/midiaciencia.com\/novo\/wp-json\/wp\/v2\/types\/page"}],"author":[{"embeddable":true,"href":"https:\/\/midiaciencia.com\/novo\/wp-json\/wp\/v2\/users\/1"}],"replies":[{"embeddable":true,"href":"https:\/\/midiaciencia.com\/novo\/wp-json\/wp\/v2\/comments?post=385"}],"version-history":[{"count":4,"href":"https:\/\/midiaciencia.com\/novo\/wp-json\/wp\/v2\/pages\/385\/revisions"}],"predecessor-version":[{"id":391,"href":"https:\/\/midiaciencia.com\/novo\/wp-json\/wp\/v2\/pages\/385\/revisions\/391"}],"wp:attachment":[{"href":"https:\/\/midiaciencia.com\/novo\/wp-json\/wp\/v2\/media?parent=385"}],"wp:term":[{"taxonomy":"category","embeddable":true,"href":"https:\/\/midiaciencia.com\/novo\/wp-json\/wp\/v2\/categories?post=385"},{"taxonomy":"post_tag","embeddable":true,"href":"https:\/\/midiaciencia.com\/novo\/wp-json\/wp\/v2\/tags?post=385"}],"curies":[{"name":"wp","href":"https:\/\/api.w.org\/{rel}","templated":true}]}}