{"id":54,"date":"2025-10-07T17:30:37","date_gmt":"2025-10-07T20:30:37","guid":{"rendered":"https:\/\/midiaciencia.com\/novo\/?page_id=54"},"modified":"2025-11-05T13:54:14","modified_gmt":"2025-11-05T16:54:14","slug":"mulheres-na-ciencia","status":"publish","type":"page","link":"https:\/\/midiaciencia.com\/novo\/mulheres-na-ciencia\/","title":{"rendered":"Mulheres na ci\u00eancia"},"content":{"rendered":"\t\t<div data-elementor-type=\"wp-post\" data-elementor-id=\"54\" class=\"elementor elementor-54\" data-elementor-post-type=\"page\">\n\t\t\t\t<div class=\"elementor-element elementor-element-5c724ac5 e-con-full e-flex wpr-particle-no wpr-jarallax-no wpr-parallax-no wpr-sticky-section-no e-con e-parent\" data-id=\"5c724ac5\" data-element_type=\"container\" data-settings=\"{&quot;background_background&quot;:&quot;classic&quot;}\">\n\t\t<div class=\"elementor-element elementor-element-604d6959 e-con-full e-flex wpr-particle-no wpr-jarallax-no wpr-parallax-no wpr-sticky-section-no e-con e-child\" data-id=\"604d6959\" data-element_type=\"container\">\n\t\t\t\t<div class=\"elementor-element elementor-element-667061ae elementor-widget__width-inherit elementor-widget-divider--view-line elementor-invisible elementor-widget elementor-widget-divider\" data-id=\"667061ae\" data-element_type=\"widget\" data-settings=\"{&quot;_animation&quot;:&quot;fadeInLeft&quot;}\" data-widget_type=\"divider.default\">\n\t\t\t\t\t\t\t<div class=\"elementor-divider\">\n\t\t\t<span class=\"elementor-divider-separator\">\n\t\t\t\t\t\t<\/span>\n\t\t<\/div>\n\t\t\t\t\t\t<\/div>\n\t\t\t\t<div class=\"elementor-element elementor-element-634ccbcb elementor-widget__width-initial elementor-widget-tablet__width-inherit elementor-widget elementor-widget-heading\" data-id=\"634ccbcb\" data-element_type=\"widget\" data-widget_type=\"heading.default\">\n\t\t\t\t\t<h2 class=\"elementor-heading-title elementor-size-default\">Document\u00e1rio \u201cMulheres na Ci\u00eancia\u201d<\/h2>\t\t\t\t<\/div>\n\t\t\t\t<div class=\"elementor-element elementor-element-769f21bf elementor-widget__width-initial elementor-widget-tablet__width-inherit elementor-widget elementor-widget-text-editor\" data-id=\"769f21bf\" data-element_type=\"widget\" data-widget_type=\"text-editor.default\">\n\t\t\t\t\t\t\t\t\t<p class=\"p1\">Produzido pelo projeto <span class=\"s1\"><b>M\u00eddia Ci\u00eancia<\/b><\/span>, o document\u00e1rio <i>\u201cMulheres na Ci\u00eancia\u201d<\/i> retrata a trajet\u00f3ria de pesquisadoras de Mato Grosso do Sul, destacando desafios estruturais e sociais enfrentados por mulheres em diferentes etapas da carreira acad\u00eamica.<\/p>\t\t\t\t\t\t\t\t<\/div>\n\t\t\t\t<\/div>\n\t\t\t\t<div class=\"elementor-element elementor-element-da7b5a0 elementor-widget__width-inherit elementor-invisible elementor-widget elementor-widget-image\" data-id=\"da7b5a0\" data-element_type=\"widget\" data-settings=\"{&quot;_animation&quot;:&quot;fadeInUp&quot;}\" data-widget_type=\"image.default\">\n\t\t\t\t\t\t\t\t\t\t\t\t\t\t\t<img fetchpriority=\"high\" decoding=\"async\" width=\"730\" height=\"480\" src=\"https:\/\/midiaciencia.com\/novo\/wp-content\/uploads\/2025\/10\/Personagens-do-Documentario-e1749674713409-730x480-1.jpg\" class=\"attachment-full size-full wp-image-104\" alt=\"\" srcset=\"https:\/\/midiaciencia.com\/novo\/wp-content\/uploads\/2025\/10\/Personagens-do-Documentario-e1749674713409-730x480-1.jpg 730w, https:\/\/midiaciencia.com\/novo\/wp-content\/uploads\/2025\/10\/Personagens-do-Documentario-e1749674713409-730x480-1-300x197.jpg 300w\" sizes=\"(max-width: 730px) 100vw, 730px\" \/>\t\t\t\t\t\t\t\t\t\t\t\t\t\t\t<\/div>\n\t\t\t\t<\/div>\n\t\t<div class=\"elementor-element elementor-element-2c6252a3 e-con-full e-flex wpr-particle-no wpr-jarallax-no wpr-parallax-no wpr-sticky-section-no e-con e-parent\" data-id=\"2c6252a3\" data-element_type=\"container\" data-settings=\"{&quot;background_background&quot;:&quot;classic&quot;}\">\n\t\t\t\t<div class=\"elementor-element elementor-element-35f00fd4 elementor-widget__width-initial elementor-widget elementor-widget-image\" data-id=\"35f00fd4\" data-element_type=\"widget\" data-widget_type=\"image.default\">\n\t\t\t\t\t\t\t\t\t\t\t\t\t\t\t<img decoding=\"async\" width=\"800\" height=\"360\" src=\"https:\/\/midiaciencia.com\/novo\/wp-content\/uploads\/2025\/10\/topo-2-1024x461.jpg\" class=\"attachment-large size-large wp-image-105\" alt=\"\" srcset=\"https:\/\/midiaciencia.com\/novo\/wp-content\/uploads\/2025\/10\/topo-2-1024x461.jpg 1024w, https:\/\/midiaciencia.com\/novo\/wp-content\/uploads\/2025\/10\/topo-2-300x135.jpg 300w, https:\/\/midiaciencia.com\/novo\/wp-content\/uploads\/2025\/10\/topo-2-768x346.jpg 768w, https:\/\/midiaciencia.com\/novo\/wp-content\/uploads\/2025\/10\/topo-2-1536x691.jpg 1536w, https:\/\/midiaciencia.com\/novo\/wp-content\/uploads\/2025\/10\/topo-2.jpg 1920w\" sizes=\"(max-width: 800px) 100vw, 800px\" \/>\t\t\t\t\t\t\t\t\t\t\t\t\t\t\t<\/div>\n\t\t<div class=\"elementor-element elementor-element-546e55c0 e-con-full e-flex wpr-particle-no wpr-jarallax-no wpr-parallax-no wpr-sticky-section-no e-con e-child\" data-id=\"546e55c0\" data-element_type=\"container\">\n\t\t\t\t<div class=\"elementor-element elementor-element-2cd3364b elementor-widget__width-inherit elementor-widget elementor-widget-heading\" data-id=\"2cd3364b\" data-element_type=\"widget\" data-widget_type=\"heading.default\">\n\t\t\t\t\t<p class=\"elementor-heading-title elementor-size-default\">Mais conte\u00fado, mais alcance<\/p>\t\t\t\t<\/div>\n\t\t\t\t<div class=\"elementor-element elementor-element-4c7e6f5d elementor-widget__width-inherit elementor-widget elementor-widget-heading\" data-id=\"4c7e6f5d\" data-element_type=\"widget\" data-widget_type=\"heading.default\">\n\t\t\t\t\t<h2 class=\"elementor-heading-title elementor-size-default\">Fomos atr\u00e1s de grandes mulheres, em todo os momentos acad\u00eamicos pra investigar. Como \u00e9 a vida da mulher na ci\u00eancia?<\/h2>\t\t\t\t<\/div>\n\t\t\t\t<div class=\"elementor-element elementor-element-719b6cee elementor-widget__width-initial elementor-widget-mobile__width-inherit elementor-invisible elementor-widget elementor-widget-icon-box\" data-id=\"719b6cee\" data-element_type=\"widget\" data-settings=\"{&quot;_animation&quot;:&quot;fadeInUp&quot;}\" data-widget_type=\"icon-box.default\">\n\t\t\t\t\t\t\t<div class=\"elementor-icon-box-wrapper\">\n\n\t\t\t\n\t\t\t\t\t\t<div class=\"elementor-icon-box-content\">\n\n\t\t\t\t\n\t\t\t\t\t\t\t\t\t<p class=\"elementor-icon-box-description\">\n\t\t\t\t\t\tQuem s\u00e3o as mulheres que fazem ci\u00eancia? Quais as dificuldades que elas enfrentam em sua rotina? Como podemos ajudar a acabar com os preconceitos? Como as institui\u00e7\u00f5es podem fomentar que mais mulheres participem de pesquisas cient\u00edficas? De que forma contribuir para que a sociedade entenda que elas s\u00e3o fundamentais para a ci\u00eancia?  \n \nEssas quest\u00f5es motivaram a equipe do Projeto MS +Ci\u00eancia a conversar com as pesquisadoras de Mato Grosso do Sul.\n\n Foram captadas mais de 8 horas de depoimentos com professoras, cientistas, estudantes e gestoras que compartilharam seus medos, suas vit\u00f3rias e as motiva\u00e7\u00f5es que as levaram a se empenhar na carreira acad\u00eamica para atingir seus objetivos.\t\t\t\t\t<\/p>\n\t\t\t\t\n\t\t\t<\/div>\n\t\t\t\n\t\t<\/div>\n\t\t\t\t\t\t<\/div>\n\t\t\t\t<\/div>\n\t\t\t\t<\/div>\n\t\t<div class=\"elementor-element elementor-element-4929155d e-con-full e-flex wpr-particle-no wpr-jarallax-no wpr-parallax-no wpr-sticky-section-no e-con e-parent\" data-id=\"4929155d\" data-element_type=\"container\" data-settings=\"{&quot;background_background&quot;:&quot;classic&quot;}\">\n\t\t<div class=\"elementor-element elementor-element-14f5150f e-con-full e-flex wpr-particle-no wpr-jarallax-no wpr-parallax-no wpr-sticky-section-no e-con e-child\" data-id=\"14f5150f\" data-element_type=\"container\">\n\t\t\t\t<div class=\"elementor-element elementor-element-196ec405 elementor-widget elementor-widget-heading\" data-id=\"196ec405\" data-element_type=\"widget\" data-widget_type=\"heading.default\">\n\t\t\t\t\t<h2 class=\"elementor-heading-title elementor-size-default\">Conversa com cientista locais<\/h2>\t\t\t\t<\/div>\n\t\t\t\t<div class=\"elementor-element elementor-element-5757bfe3 elementor-widget elementor-widget-text-editor\" data-id=\"5757bfe3\" data-element_type=\"widget\" data-widget_type=\"text-editor.default\">\n\t\t\t\t\t\t\t\t\t<p class=\"p1\">O document\u00e1rio <span class=\"s1\"><b>\u201cMulheres na Ci\u00eancia\u201d<\/b><\/span>, produzido no \u00e2mbito do projeto <span class=\"s1\"><b>M\u00eddia Ci\u00eancia<\/b><\/span>, tem como prop\u00f3sito <span class=\"s1\"><b>dar visibilidade \u00e0s trajet\u00f3rias e desafios das pesquisadoras de Mato Grosso do Sul<\/b><\/span>, abordando de forma sens\u00edvel e cr\u00edtica as desigualdades estruturais e sociais que permeiam a presen\u00e7a feminina no ambiente cient\u00edfico.<\/p><p class=\"p1\">Foram realizadas <span class=\"s1\"><b>mais de 10 horas de capta\u00e7\u00e3o de entrevistas<\/b><\/span> com participantes de diferentes institui\u00e7\u00f5es de ensino e pesquisa, incluindo a <span class=\"s1\"><b>Universidade Estadual de Mato Grosso do Sul (UEMS)<\/b><\/span>, <span class=\"s1\"><b>Universidade Federal de Mato Grosso do Sul (UFMS)<\/b><\/span>, <span class=\"s1\"><b>Universidade Anhanguera-Uniderp<\/b><\/span>, <span class=\"s1\"><b>Instituto Federal de Mato Grosso do Sul (IFMS)<\/b><\/span> e <span class=\"s1\"><b>Universidade Federal da Grande Dourados (UFGD)<\/b><\/span>. As entrevistadas representam <span class=\"s1\"><b>diferentes est\u00e1gios da carreira cient\u00edfica<\/b><\/span>, desde estudantes de gradua\u00e7\u00e3o e p\u00f3s-gradua\u00e7\u00e3o at\u00e9 docentes e gestoras acad\u00eamicas, oferecendo uma vis\u00e3o abrangente sobre os obst\u00e1culos e conquistas das mulheres na ci\u00eancia.<\/p>\t\t\t\t\t\t\t\t<\/div>\n\t\t\t\t<\/div>\n\t\t\t\t<div class=\"elementor-element elementor-element-8b32f6e elementor-widget__width-initial elementor-widget-tablet__width-inherit elementor-widget elementor-widget-image\" data-id=\"8b32f6e\" data-element_type=\"widget\" data-widget_type=\"image.default\">\n\t\t\t\t\t\t\t\t\t\t\t\t\t\t\t<img decoding=\"async\" width=\"800\" height=\"450\" src=\"https:\/\/midiaciencia.com\/novo\/wp-content\/uploads\/2025\/10\/WhatsApp-Image-2024-08-28-at-10.05.44-1536x864-1-1024x576.jpeg\" class=\"attachment-large size-large wp-image-106\" alt=\"\" srcset=\"https:\/\/midiaciencia.com\/novo\/wp-content\/uploads\/2025\/10\/WhatsApp-Image-2024-08-28-at-10.05.44-1536x864-1-1024x576.jpeg 1024w, https:\/\/midiaciencia.com\/novo\/wp-content\/uploads\/2025\/10\/WhatsApp-Image-2024-08-28-at-10.05.44-1536x864-1-300x169.jpeg 300w, https:\/\/midiaciencia.com\/novo\/wp-content\/uploads\/2025\/10\/WhatsApp-Image-2024-08-28-at-10.05.44-1536x864-1-768x432.jpeg 768w, https:\/\/midiaciencia.com\/novo\/wp-content\/uploads\/2025\/10\/WhatsApp-Image-2024-08-28-at-10.05.44-1536x864-1.jpeg 1536w\" sizes=\"(max-width: 800px) 100vw, 800px\" \/>\t\t\t\t\t\t\t\t\t\t\t\t\t\t\t<\/div>\n\t\t\t\t<\/div>\n\t\t\t\t<\/div>\n\t\t","protected":false},"excerpt":{"rendered":"<p>Document\u00e1rio \u201cMulheres na Ci\u00eancia\u201d Produzido pelo projeto M\u00eddia Ci\u00eancia, o document\u00e1rio \u201cMulheres na Ci\u00eancia\u201d retrata a trajet\u00f3ria de pesquisadoras de Mato Grosso do Sul, destacando desafios estruturais e sociais enfrentados por mulheres em diferentes etapas da carreira acad\u00eamica. Mais conte\u00fado, mais alcance Fomos atr\u00e1s de grandes mulheres, em todo os momentos acad\u00eamicos pra investigar. Como \u00e9 a vida da mulher na ci\u00eancia? Quem s\u00e3o as mulheres que fazem ci\u00eancia? Quais as dificuldades que elas enfrentam em sua rotina? Como podemos ajudar a acabar com os preconceitos? Como as institui\u00e7\u00f5es podem fomentar que mais mulheres participem de pesquisas cient\u00edficas? De que forma contribuir para que a sociedade entenda que elas s\u00e3o fundamentais para a ci\u00eancia? Essas quest\u00f5es motivaram a equipe do Projeto MS +Ci\u00eancia a conversar com as pesquisadoras de Mato Grosso do Sul. Foram captadas mais de 8 horas de depoimentos com professoras, cientistas, estudantes e gestoras que compartilharam seus medos, suas vit\u00f3rias e as motiva\u00e7\u00f5es que as levaram a se empenhar na carreira acad\u00eamica para atingir seus objetivos. Conversa com cientista locais O document\u00e1rio \u201cMulheres na Ci\u00eancia\u201d, produzido no \u00e2mbito do projeto M\u00eddia Ci\u00eancia, tem como prop\u00f3sito dar visibilidade \u00e0s trajet\u00f3rias e desafios das pesquisadoras de Mato Grosso do Sul, abordando de forma sens\u00edvel e cr\u00edtica as desigualdades estruturais e sociais que permeiam a presen\u00e7a feminina no ambiente cient\u00edfico. Foram realizadas mais de 10 horas de capta\u00e7\u00e3o de entrevistas com participantes de diferentes institui\u00e7\u00f5es de ensino e pesquisa, incluindo a Universidade Estadual de Mato Grosso do Sul (UEMS), Universidade Federal de Mato Grosso do Sul (UFMS), Universidade Anhanguera-Uniderp, Instituto Federal de Mato Grosso do Sul (IFMS) e Universidade Federal da Grande Dourados (UFGD). As entrevistadas representam diferentes est\u00e1gios da carreira cient\u00edfica, desde estudantes de gradua\u00e7\u00e3o e p\u00f3s-gradua\u00e7\u00e3o at\u00e9 docentes e gestoras acad\u00eamicas, oferecendo uma vis\u00e3o abrangente sobre os obst\u00e1culos e conquistas das mulheres na ci\u00eancia.<\/p>\n","protected":false},"author":1,"featured_media":0,"parent":0,"menu_order":0,"comment_status":"closed","ping_status":"closed","template":"","meta":{"_eb_attr":"","footnotes":""},"categories":[],"tags":[],"class_list":["post-54","page","type-page","status-publish","hentry"],"_links":{"self":[{"href":"https:\/\/midiaciencia.com\/novo\/wp-json\/wp\/v2\/pages\/54","targetHints":{"allow":["GET"]}}],"collection":[{"href":"https:\/\/midiaciencia.com\/novo\/wp-json\/wp\/v2\/pages"}],"about":[{"href":"https:\/\/midiaciencia.com\/novo\/wp-json\/wp\/v2\/types\/page"}],"author":[{"embeddable":true,"href":"https:\/\/midiaciencia.com\/novo\/wp-json\/wp\/v2\/users\/1"}],"replies":[{"embeddable":true,"href":"https:\/\/midiaciencia.com\/novo\/wp-json\/wp\/v2\/comments?post=54"}],"version-history":[{"count":10,"href":"https:\/\/midiaciencia.com\/novo\/wp-json\/wp\/v2\/pages\/54\/revisions"}],"predecessor-version":[{"id":333,"href":"https:\/\/midiaciencia.com\/novo\/wp-json\/wp\/v2\/pages\/54\/revisions\/333"}],"wp:attachment":[{"href":"https:\/\/midiaciencia.com\/novo\/wp-json\/wp\/v2\/media?parent=54"}],"wp:term":[{"taxonomy":"category","embeddable":true,"href":"https:\/\/midiaciencia.com\/novo\/wp-json\/wp\/v2\/categories?post=54"},{"taxonomy":"post_tag","embeddable":true,"href":"https:\/\/midiaciencia.com\/novo\/wp-json\/wp\/v2\/tags?post=54"}],"curies":[{"name":"wp","href":"https:\/\/api.w.org\/{rel}","templated":true}]}}