{"id":575,"date":"2026-01-12T08:10:55","date_gmt":"2026-01-12T11:10:55","guid":{"rendered":"https:\/\/midiaciencia.com\/novo\/?page_id=575"},"modified":"2026-01-12T08:17:09","modified_gmt":"2026-01-12T11:17:09","slug":"entrevistas-luiza-tenan","status":"publish","type":"page","link":"https:\/\/midiaciencia.com\/novo\/entrevistas-luiza-tenan\/","title":{"rendered":"Entrevistas Lu\u00edza Tenan"},"content":{"rendered":"\t\t<div data-elementor-type=\"wp-post\" data-elementor-id=\"575\" class=\"elementor elementor-575\" data-elementor-post-type=\"page\">\n\t\t\t\t<div class=\"elementor-element elementor-element-4929155d e-con-full e-flex wpr-particle-no wpr-jarallax-no wpr-parallax-no wpr-sticky-section-no e-con e-parent\" data-id=\"4929155d\" data-element_type=\"container\" data-settings=\"{&quot;background_background&quot;:&quot;classic&quot;}\">\n\t\t<div class=\"elementor-element elementor-element-14f5150f e-con-full e-flex wpr-particle-no wpr-jarallax-no wpr-parallax-no wpr-sticky-section-no e-con e-child\" data-id=\"14f5150f\" data-element_type=\"container\">\n\t\t\t\t<div class=\"elementor-element elementor-element-196ec405 elementor-widget elementor-widget-heading\" data-id=\"196ec405\" data-element_type=\"widget\" data-widget_type=\"heading.default\">\n\t\t\t\t\t<h2 class=\"elementor-heading-title elementor-size-default\">Entrevista com pesquisadores<\/h2>\t\t\t\t<\/div>\n\t\t\t\t<div class=\"elementor-element elementor-element-5757bfe3 elementor-widget elementor-widget-text-editor\" data-id=\"5757bfe3\" data-element_type=\"widget\" data-widget_type=\"text-editor.default\">\n\t\t\t\t\t\t\t\t\t<p class=\"p1\">As entrevistas conduzidas pela jornalista <span class=\"s1\"><b>Luiza Tenan<\/b><\/span> foram, acima de tudo, boas conversas. Momentos de troca em que pesquisadores e jornalistas de Mato Grosso do Sul puderam sentar, ouvir, perguntar e falar sobre ci\u00eancia de um jeito mais pr\u00f3ximo e acess\u00edvel. Em cada entrevista, os pesquisadores compartilharam n\u00e3o s\u00f3 seus projetos, mas tamb\u00e9m suas motiva\u00e7\u00f5es, d\u00favidas e desafios do dia a dia da pesquisa.<\/p><p class=\"p1\">Esses encontros ajudaram a aproximar dois mundos que precisam caminhar juntos: o da ci\u00eancia e o das pessoas comuns. Ao trocar ideias sobre como contar hist\u00f3rias cient\u00edficas, explicar pesquisas complexas e levar informa\u00e7\u00e3o de qualidade para a popula\u00e7\u00e3o, as entrevistas refor\u00e7am a import\u00e2ncia de uma comunica\u00e7\u00e3o mais humana, clara e respons\u00e1vel. No fim, todo mundo sai ganhando: quem pesquisa, quem comunica e, principalmente, quem recebe essa informa\u00e7\u00e3o e passa a enxergar a ci\u00eancia mais perto da pr\u00f3pria realidade.<\/p>\t\t\t\t\t\t\t\t<\/div>\n\t\t\t\t<\/div>\n\t\t\t\t<div class=\"elementor-element elementor-element-8b32f6e elementor-widget__width-initial elementor-widget-tablet__width-inherit elementor-widget elementor-widget-image\" data-id=\"8b32f6e\" data-element_type=\"widget\" data-widget_type=\"image.default\">\n\t\t\t\t\t\t\t\t\t\t\t\t\t\t\t<img fetchpriority=\"high\" decoding=\"async\" width=\"576\" height=\"1024\" src=\"https:\/\/midiaciencia.com\/novo\/wp-content\/uploads\/2026\/01\/Cintia-Diallo-07-O-Racismo-Esta-Relacionado-a-Condicao-Social-576x1024.png\" class=\"attachment-large size-large wp-image-577\" alt=\"\" srcset=\"https:\/\/midiaciencia.com\/novo\/wp-content\/uploads\/2026\/01\/Cintia-Diallo-07-O-Racismo-Esta-Relacionado-a-Condicao-Social-576x1024.png 576w, https:\/\/midiaciencia.com\/novo\/wp-content\/uploads\/2026\/01\/Cintia-Diallo-07-O-Racismo-Esta-Relacionado-a-Condicao-Social-169x300.png 169w, https:\/\/midiaciencia.com\/novo\/wp-content\/uploads\/2026\/01\/Cintia-Diallo-07-O-Racismo-Esta-Relacionado-a-Condicao-Social-768x1365.png 768w, https:\/\/midiaciencia.com\/novo\/wp-content\/uploads\/2026\/01\/Cintia-Diallo-07-O-Racismo-Esta-Relacionado-a-Condicao-Social-864x1536.png 864w, https:\/\/midiaciencia.com\/novo\/wp-content\/uploads\/2026\/01\/Cintia-Diallo-07-O-Racismo-Esta-Relacionado-a-Condicao-Social.png 1080w\" sizes=\"(max-width: 576px) 100vw, 576px\" \/>\t\t\t\t\t\t\t\t\t\t\t\t\t\t\t<\/div>\n\t\t\t\t<\/div>\n\t\t\t\t<\/div>\n\t\t","protected":false},"excerpt":{"rendered":"<p>Entrevista com pesquisadores As entrevistas conduzidas pela jornalista Luiza Tenan foram, acima de tudo, boas conversas. Momentos de troca em que pesquisadores e jornalistas de Mato Grosso do Sul puderam sentar, ouvir, perguntar e falar sobre ci\u00eancia de um jeito mais pr\u00f3ximo e acess\u00edvel. Em cada entrevista, os pesquisadores compartilharam n\u00e3o s\u00f3 seus projetos, mas tamb\u00e9m suas motiva\u00e7\u00f5es, d\u00favidas e desafios do dia a dia da pesquisa. Esses encontros ajudaram a aproximar dois mundos que precisam caminhar juntos: o da ci\u00eancia e o das pessoas comuns. Ao trocar ideias sobre como contar hist\u00f3rias cient\u00edficas, explicar pesquisas complexas e levar informa\u00e7\u00e3o de qualidade para a popula\u00e7\u00e3o, as entrevistas refor\u00e7am a import\u00e2ncia de uma comunica\u00e7\u00e3o mais humana, clara e respons\u00e1vel. No fim, todo mundo sai ganhando: quem pesquisa, quem comunica e, principalmente, quem recebe essa informa\u00e7\u00e3o e passa a enxergar a ci\u00eancia mais perto da pr\u00f3pria realidade.<\/p>\n","protected":false},"author":1,"featured_media":0,"parent":0,"menu_order":0,"comment_status":"closed","ping_status":"closed","template":"","meta":{"_eb_attr":"","footnotes":""},"categories":[],"tags":[],"class_list":["post-575","page","type-page","status-publish","hentry"],"_links":{"self":[{"href":"https:\/\/midiaciencia.com\/novo\/wp-json\/wp\/v2\/pages\/575","targetHints":{"allow":["GET"]}}],"collection":[{"href":"https:\/\/midiaciencia.com\/novo\/wp-json\/wp\/v2\/pages"}],"about":[{"href":"https:\/\/midiaciencia.com\/novo\/wp-json\/wp\/v2\/types\/page"}],"author":[{"embeddable":true,"href":"https:\/\/midiaciencia.com\/novo\/wp-json\/wp\/v2\/users\/1"}],"replies":[{"embeddable":true,"href":"https:\/\/midiaciencia.com\/novo\/wp-json\/wp\/v2\/comments?post=575"}],"version-history":[{"count":4,"href":"https:\/\/midiaciencia.com\/novo\/wp-json\/wp\/v2\/pages\/575\/revisions"}],"predecessor-version":[{"id":580,"href":"https:\/\/midiaciencia.com\/novo\/wp-json\/wp\/v2\/pages\/575\/revisions\/580"}],"wp:attachment":[{"href":"https:\/\/midiaciencia.com\/novo\/wp-json\/wp\/v2\/media?parent=575"}],"wp:term":[{"taxonomy":"category","embeddable":true,"href":"https:\/\/midiaciencia.com\/novo\/wp-json\/wp\/v2\/categories?post=575"},{"taxonomy":"post_tag","embeddable":true,"href":"https:\/\/midiaciencia.com\/novo\/wp-json\/wp\/v2\/tags?post=575"}],"curies":[{"name":"wp","href":"https:\/\/api.w.org\/{rel}","templated":true}]}}