{"id":59,"date":"2025-10-07T17:32:30","date_gmt":"2025-10-07T20:32:30","guid":{"rendered":"https:\/\/midiaciencia.com\/novo\/?page_id=59"},"modified":"2025-10-31T11:33:10","modified_gmt":"2025-10-31T14:33:10","slug":"labpop","status":"publish","type":"page","link":"https:\/\/midiaciencia.com\/novo\/labpop\/","title":{"rendered":"LabPop"},"content":{"rendered":"\t\t<div data-elementor-type=\"wp-post\" data-elementor-id=\"59\" class=\"elementor elementor-59\" data-elementor-post-type=\"page\">\n\t\t\t\t<div class=\"elementor-element elementor-element-5c724ac5 e-con-full e-flex wpr-particle-no wpr-jarallax-no wpr-parallax-no wpr-sticky-section-no e-con e-parent\" data-id=\"5c724ac5\" data-element_type=\"container\" data-settings=\"{&quot;background_background&quot;:&quot;classic&quot;}\">\n\t\t\t\t<div class=\"elementor-element elementor-element-da7b5a0 elementor-widget__width-inherit elementor-invisible elementor-widget elementor-widget-image\" data-id=\"da7b5a0\" data-element_type=\"widget\" data-settings=\"{&quot;_animation&quot;:&quot;fadeInUp&quot;}\" data-widget_type=\"image.default\">\n\t\t\t\t\t\t\t\t\t\t\t\t\t\t\t<img fetchpriority=\"high\" decoding=\"async\" width=\"1920\" height=\"662\" src=\"https:\/\/midiaciencia.com\/novo\/wp-content\/uploads\/2025\/10\/labpop.jpg\" class=\"attachment-full size-full wp-image-110\" alt=\"\" srcset=\"https:\/\/midiaciencia.com\/novo\/wp-content\/uploads\/2025\/10\/labpop.jpg 1920w, https:\/\/midiaciencia.com\/novo\/wp-content\/uploads\/2025\/10\/labpop-300x103.jpg 300w, https:\/\/midiaciencia.com\/novo\/wp-content\/uploads\/2025\/10\/labpop-1024x353.jpg 1024w, https:\/\/midiaciencia.com\/novo\/wp-content\/uploads\/2025\/10\/labpop-768x265.jpg 768w, https:\/\/midiaciencia.com\/novo\/wp-content\/uploads\/2025\/10\/labpop-1536x530.jpg 1536w\" sizes=\"(max-width: 1920px) 100vw, 1920px\" \/>\t\t\t\t\t\t\t\t\t\t\t\t\t\t\t<\/div>\n\t\t\t\t<\/div>\n\t\t<div class=\"elementor-element elementor-element-4929155d e-con-full e-flex wpr-particle-no wpr-jarallax-no wpr-parallax-no wpr-sticky-section-no e-con e-parent\" data-id=\"4929155d\" data-element_type=\"container\" data-settings=\"{&quot;background_background&quot;:&quot;classic&quot;}\">\n\t\t<div class=\"elementor-element elementor-element-14f5150f e-con-full e-flex wpr-particle-no wpr-jarallax-no wpr-parallax-no wpr-sticky-section-no e-con e-child\" data-id=\"14f5150f\" data-element_type=\"container\">\n\t\t\t\t<div class=\"elementor-element elementor-element-196ec405 elementor-widget elementor-widget-heading\" data-id=\"196ec405\" data-element_type=\"widget\" data-widget_type=\"heading.default\">\n\t\t\t\t\t<h2 class=\"elementor-heading-title elementor-size-default\">LabPop<\/h2>\t\t\t\t<\/div>\n\t\t\t\t<div class=\"elementor-element elementor-element-5757bfe3 elementor-widget elementor-widget-text-editor\" data-id=\"5757bfe3\" data-element_type=\"widget\" data-widget_type=\"text-editor.default\">\n\t\t\t\t\t\t\t\t\t<p><span style=\"font-weight: 400;\">O M\u00eddia Ci\u00eancia se institucionalizou na Universidade Estadual de Mato Grosso do Sul (UEMS) por meio da cria\u00e7\u00e3o do Laborat\u00f3rio de Populariza\u00e7\u00e3o da Ci\u00eancia (LabPop) \u2014 um espa\u00e7o de comunica\u00e7\u00e3o voltado \u00e0 divulga\u00e7\u00e3o cient\u00edfica das pesquisas desenvolvidas na universidade.<\/span><\/p><p><span style=\"font-weight: 400;\">O LabPop tem como miss\u00e3o aproximar a ci\u00eancia da sociedade, transformando descobertas e estudos acad\u00eamicos em conte\u00fados acess\u00edveis, criativos e de impacto social. O laborat\u00f3rio consolida o compromisso da UEMS com a democratiza\u00e7\u00e3o do conhecimento cient\u00edfico, fortalecendo a presen\u00e7a da universidade nos debates p\u00fablicos sobre ci\u00eancia, tecnologia e inova\u00e7\u00e3o.<\/span><\/p>\t\t\t\t\t\t\t\t<\/div>\n\t\t\t\t<\/div>\n\t\t\t\t<div class=\"elementor-element elementor-element-8b32f6e elementor-widget__width-initial elementor-widget-tablet__width-inherit elementor-widget elementor-widget-image\" data-id=\"8b32f6e\" data-element_type=\"widget\" data-widget_type=\"image.default\">\n\t\t\t\t\t\t\t\t\t\t\t\t\t\t\t<img decoding=\"async\" width=\"800\" height=\"583\" src=\"https:\/\/midiaciencia.com\/novo\/wp-content\/uploads\/2025\/10\/Marketing-Agency-Hero-3.jpg\" class=\"attachment-large size-large wp-image-13\" alt=\"\" srcset=\"https:\/\/midiaciencia.com\/novo\/wp-content\/uploads\/2025\/10\/Marketing-Agency-Hero-3.jpg 972w, https:\/\/midiaciencia.com\/novo\/wp-content\/uploads\/2025\/10\/Marketing-Agency-Hero-3-300x219.jpg 300w, https:\/\/midiaciencia.com\/novo\/wp-content\/uploads\/2025\/10\/Marketing-Agency-Hero-3-768x559.jpg 768w\" sizes=\"(max-width: 800px) 100vw, 800px\" \/>\t\t\t\t\t\t\t\t\t\t\t\t\t\t\t<\/div>\n\t\t\t\t<\/div>\n\t\t\t\t<\/div>\n\t\t","protected":false},"excerpt":{"rendered":"<p>LabPop O M\u00eddia Ci\u00eancia se institucionalizou na Universidade Estadual de Mato Grosso do Sul (UEMS) por meio da cria\u00e7\u00e3o do Laborat\u00f3rio de Populariza\u00e7\u00e3o da Ci\u00eancia (LabPop) \u2014 um espa\u00e7o de comunica\u00e7\u00e3o voltado \u00e0 divulga\u00e7\u00e3o cient\u00edfica das pesquisas desenvolvidas na universidade. O LabPop tem como miss\u00e3o aproximar a ci\u00eancia da sociedade, transformando descobertas e estudos acad\u00eamicos em conte\u00fados acess\u00edveis, criativos e de impacto social. O laborat\u00f3rio consolida o compromisso da UEMS com a democratiza\u00e7\u00e3o do conhecimento cient\u00edfico, fortalecendo a presen\u00e7a da universidade nos debates p\u00fablicos sobre ci\u00eancia, tecnologia e inova\u00e7\u00e3o.<\/p>\n","protected":false},"author":1,"featured_media":0,"parent":0,"menu_order":0,"comment_status":"closed","ping_status":"closed","template":"","meta":{"_eb_attr":"","footnotes":""},"categories":[],"tags":[],"class_list":["post-59","page","type-page","status-publish","hentry"],"_links":{"self":[{"href":"https:\/\/midiaciencia.com\/novo\/wp-json\/wp\/v2\/pages\/59","targetHints":{"allow":["GET"]}}],"collection":[{"href":"https:\/\/midiaciencia.com\/novo\/wp-json\/wp\/v2\/pages"}],"about":[{"href":"https:\/\/midiaciencia.com\/novo\/wp-json\/wp\/v2\/types\/page"}],"author":[{"embeddable":true,"href":"https:\/\/midiaciencia.com\/novo\/wp-json\/wp\/v2\/users\/1"}],"replies":[{"embeddable":true,"href":"https:\/\/midiaciencia.com\/novo\/wp-json\/wp\/v2\/comments?post=59"}],"version-history":[{"count":10,"href":"https:\/\/midiaciencia.com\/novo\/wp-json\/wp\/v2\/pages\/59\/revisions"}],"predecessor-version":[{"id":317,"href":"https:\/\/midiaciencia.com\/novo\/wp-json\/wp\/v2\/pages\/59\/revisions\/317"}],"wp:attachment":[{"href":"https:\/\/midiaciencia.com\/novo\/wp-json\/wp\/v2\/media?parent=59"}],"wp:term":[{"taxonomy":"category","embeddable":true,"href":"https:\/\/midiaciencia.com\/novo\/wp-json\/wp\/v2\/categories?post=59"},{"taxonomy":"post_tag","embeddable":true,"href":"https:\/\/midiaciencia.com\/novo\/wp-json\/wp\/v2\/tags?post=59"}],"curies":[{"name":"wp","href":"https:\/\/api.w.org\/{rel}","templated":true}]}}