{"id":625,"date":"2026-01-12T10:16:09","date_gmt":"2026-01-12T13:16:09","guid":{"rendered":"https:\/\/midiaciencia.com\/novo\/?page_id=625"},"modified":"2026-01-12T10:20:31","modified_gmt":"2026-01-12T13:20:31","slug":"mascotes-uems","status":"publish","type":"page","link":"https:\/\/midiaciencia.com\/novo\/mascotes-uems\/","title":{"rendered":"Mascotes UEMS"},"content":{"rendered":"\t\t<div data-elementor-type=\"wp-post\" data-elementor-id=\"625\" class=\"elementor elementor-625\" data-elementor-post-type=\"page\">\n\t\t\t\t<div class=\"elementor-element elementor-element-4929155d e-con-full e-flex wpr-particle-no wpr-jarallax-no wpr-parallax-no wpr-sticky-section-no e-con e-parent\" data-id=\"4929155d\" data-element_type=\"container\" data-settings=\"{&quot;background_background&quot;:&quot;classic&quot;}\">\n\t\t<div class=\"elementor-element elementor-element-14f5150f e-con-full e-flex wpr-particle-no wpr-jarallax-no wpr-parallax-no wpr-sticky-section-no e-con e-child\" data-id=\"14f5150f\" data-element_type=\"container\">\n\t\t\t\t<div class=\"elementor-element elementor-element-196ec405 elementor-widget elementor-widget-heading\" data-id=\"196ec405\" data-element_type=\"widget\" data-widget_type=\"heading.default\">\n\t\t\t\t\t<h2 class=\"elementor-heading-title elementor-size-default\">Mascotes UEMS<\/h2>\t\t\t\t<\/div>\n\t\t\t\t<div class=\"elementor-element elementor-element-5757bfe3 elementor-widget elementor-widget-text-editor\" data-id=\"5757bfe3\" data-element_type=\"widget\" data-widget_type=\"text-editor.default\">\n\t\t\t\t\t\t\t\t\t<p class=\"p1\">A campanha de elei\u00e7\u00e3o dos mascotes! Mais do que escolher personagens simp\u00e1ticos, essa iniciativa convida a comunidade acad\u00eamica e o p\u00fablico em geral a refletirem sobre identidade, representatividade e pertencimento.<\/p><p class=\"p1\">Cada mascote carrega s\u00edmbolos, hist\u00f3rias e valores que dialogam com a universidade, com o Mato Grosso do Sul e com a diversidade de pessoas que fazem parte da UEMS. A campanha abre espa\u00e7o para conhecer as propostas, entender os significados por tr\u00e1s de cada personagem e, principalmente, participar ativamente da escolha.<\/p><p class=\"p1\">Votar no mascote \u00e9 tamb\u00e9m uma forma de se sentir parte da universidade, fortalecer v\u00ednculos e construir coletivamente uma identidade que represente a UEMS hoje e no futuro. \u00c9 a universidade se comunicando de forma leve, criativa e participativa, transformando uma escolha simb\u00f3lica em um movimento de engajamento e di\u00e1logo com a comunidade.<\/p>\t\t\t\t\t\t\t\t<\/div>\n\t\t\t\t<\/div>\n\t\t\t\t<div class=\"elementor-element elementor-element-8b32f6e elementor-widget__width-initial elementor-widget-tablet__width-inherit elementor-widget elementor-widget-image\" data-id=\"8b32f6e\" data-element_type=\"widget\" data-widget_type=\"image.default\">\n\t\t\t\t\t\t\t\t\t\t\t\t\t\t\t<img fetchpriority=\"high\" decoding=\"async\" width=\"523\" height=\"521\" src=\"https:\/\/midiaciencia.com\/novo\/wp-content\/uploads\/2026\/01\/mascotes.png\" class=\"attachment-large size-large wp-image-626\" alt=\"\" srcset=\"https:\/\/midiaciencia.com\/novo\/wp-content\/uploads\/2026\/01\/mascotes.png 523w, https:\/\/midiaciencia.com\/novo\/wp-content\/uploads\/2026\/01\/mascotes-300x300.png 300w, https:\/\/midiaciencia.com\/novo\/wp-content\/uploads\/2026\/01\/mascotes-150x150.png 150w\" sizes=\"(max-width: 523px) 100vw, 523px\" \/>\t\t\t\t\t\t\t\t\t\t\t\t\t\t\t<\/div>\n\t\t\t\t<\/div>\n\t\t\t\t<\/div>\n\t\t","protected":false},"excerpt":{"rendered":"<p>Mascotes UEMS A campanha de elei\u00e7\u00e3o dos mascotes! Mais do que escolher personagens simp\u00e1ticos, essa iniciativa convida a comunidade acad\u00eamica e o p\u00fablico em geral a refletirem sobre identidade, representatividade e pertencimento. Cada mascote carrega s\u00edmbolos, hist\u00f3rias e valores que dialogam com a universidade, com o Mato Grosso do Sul e com a diversidade de pessoas que fazem parte da UEMS. A campanha abre espa\u00e7o para conhecer as propostas, entender os significados por tr\u00e1s de cada personagem e, principalmente, participar ativamente da escolha. Votar no mascote \u00e9 tamb\u00e9m uma forma de se sentir parte da universidade, fortalecer v\u00ednculos e construir coletivamente uma identidade que represente a UEMS hoje e no futuro. \u00c9 a universidade se comunicando de forma leve, criativa e participativa, transformando uma escolha simb\u00f3lica em um movimento de engajamento e di\u00e1logo com a comunidade.<\/p>\n","protected":false},"author":1,"featured_media":0,"parent":0,"menu_order":0,"comment_status":"closed","ping_status":"closed","template":"","meta":{"_eb_attr":"","footnotes":""},"categories":[],"tags":[],"class_list":["post-625","page","type-page","status-publish","hentry"],"_links":{"self":[{"href":"https:\/\/midiaciencia.com\/novo\/wp-json\/wp\/v2\/pages\/625","targetHints":{"allow":["GET"]}}],"collection":[{"href":"https:\/\/midiaciencia.com\/novo\/wp-json\/wp\/v2\/pages"}],"about":[{"href":"https:\/\/midiaciencia.com\/novo\/wp-json\/wp\/v2\/types\/page"}],"author":[{"embeddable":true,"href":"https:\/\/midiaciencia.com\/novo\/wp-json\/wp\/v2\/users\/1"}],"replies":[{"embeddable":true,"href":"https:\/\/midiaciencia.com\/novo\/wp-json\/wp\/v2\/comments?post=625"}],"version-history":[{"count":4,"href":"https:\/\/midiaciencia.com\/novo\/wp-json\/wp\/v2\/pages\/625\/revisions"}],"predecessor-version":[{"id":636,"href":"https:\/\/midiaciencia.com\/novo\/wp-json\/wp\/v2\/pages\/625\/revisions\/636"}],"wp:attachment":[{"href":"https:\/\/midiaciencia.com\/novo\/wp-json\/wp\/v2\/media?parent=625"}],"wp:term":[{"taxonomy":"category","embeddable":true,"href":"https:\/\/midiaciencia.com\/novo\/wp-json\/wp\/v2\/categories?post=625"},{"taxonomy":"post_tag","embeddable":true,"href":"https:\/\/midiaciencia.com\/novo\/wp-json\/wp\/v2\/tags?post=625"}],"curies":[{"name":"wp","href":"https:\/\/api.w.org\/{rel}","templated":true}]}}