{"id":7,"date":"2025-10-07T15:57:48","date_gmt":"2025-10-07T18:57:48","guid":{"rendered":"https:\/\/midiaciencia.com\/novo\/?page_id=7"},"modified":"2025-10-31T11:08:34","modified_gmt":"2025-10-31T14:08:34","slug":"papo-de-ciencia","status":"publish","type":"page","link":"https:\/\/midiaciencia.com\/novo\/papo-de-ciencia\/","title":{"rendered":"Papo de Ci\u00eancia"},"content":{"rendered":"\t\t<div data-elementor-type=\"wp-post\" data-elementor-id=\"7\" class=\"elementor elementor-7\" data-elementor-post-type=\"page\">\n\t\t\t\t<div class=\"elementor-element elementor-element-5c724ac5 e-con-full e-flex wpr-particle-no wpr-jarallax-no wpr-parallax-no wpr-sticky-section-no e-con e-parent\" data-id=\"5c724ac5\" data-element_type=\"container\" data-settings=\"{&quot;background_background&quot;:&quot;classic&quot;}\">\n\t\t<div class=\"elementor-element elementor-element-604d6959 e-con-full e-flex wpr-particle-no wpr-jarallax-no wpr-parallax-no wpr-sticky-section-no e-con e-child\" data-id=\"604d6959\" data-element_type=\"container\">\n\t\t\t\t<div class=\"elementor-element elementor-element-667061ae elementor-widget__width-inherit elementor-widget-divider--view-line elementor-invisible elementor-widget elementor-widget-divider\" data-id=\"667061ae\" data-element_type=\"widget\" data-settings=\"{&quot;_animation&quot;:&quot;fadeInLeft&quot;}\" data-widget_type=\"divider.default\">\n\t\t\t\t\t\t\t<div class=\"elementor-divider\">\n\t\t\t<span class=\"elementor-divider-separator\">\n\t\t\t\t\t\t<\/span>\n\t\t<\/div>\n\t\t\t\t\t\t<\/div>\n\t\t\t\t<div class=\"elementor-element elementor-element-634ccbcb elementor-widget__width-initial elementor-widget-tablet__width-inherit elementor-widget elementor-widget-heading\" data-id=\"634ccbcb\" data-element_type=\"widget\" data-widget_type=\"heading.default\">\n\t\t\t\t\t<h2 class=\"elementor-heading-title elementor-size-default\">Papo ci\u00eancia<\/h2>\t\t\t\t<\/div>\n\t\t\t\t<div class=\"elementor-element elementor-element-769f21bf elementor-widget__width-initial elementor-widget-tablet__width-inherit elementor-widget elementor-widget-text-editor\" data-id=\"769f21bf\" data-element_type=\"widget\" data-widget_type=\"text-editor.default\">\n\t\t\t\t\t\t\t\t\t<p class=\"p1\"><span class=\"s1\"><b>Conhe\u00e7a o Papo de Ci\u00eancia<\/b><\/span>, uma iniciativa que aproxima pesquisadores e o p\u00fablico, levando conhecimento e curiosidade cient\u00edfica para todo o estado \u2014 da capital aos munic\u00edpios mais distantes.<\/p>\t\t\t\t\t\t\t\t<\/div>\n\t\t\t\t<\/div>\n\t\t\t\t<div class=\"elementor-element elementor-element-da7b5a0 elementor-widget__width-inherit elementor-invisible elementor-widget elementor-widget-image\" data-id=\"da7b5a0\" data-element_type=\"widget\" data-settings=\"{&quot;_animation&quot;:&quot;fadeInUp&quot;}\" data-widget_type=\"image.default\">\n\t\t\t\t\t\t\t\t\t\t\t\t\t\t\t<img fetchpriority=\"high\" decoding=\"async\" width=\"1920\" height=\"864\" src=\"https:\/\/midiaciencia.com\/novo\/wp-content\/uploads\/2025\/10\/topo-1.jpg\" class=\"attachment-full size-full wp-image-100\" alt=\"\" srcset=\"https:\/\/midiaciencia.com\/novo\/wp-content\/uploads\/2025\/10\/topo-1.jpg 1920w, https:\/\/midiaciencia.com\/novo\/wp-content\/uploads\/2025\/10\/topo-1-300x135.jpg 300w, https:\/\/midiaciencia.com\/novo\/wp-content\/uploads\/2025\/10\/topo-1-1024x461.jpg 1024w, https:\/\/midiaciencia.com\/novo\/wp-content\/uploads\/2025\/10\/topo-1-768x346.jpg 768w, https:\/\/midiaciencia.com\/novo\/wp-content\/uploads\/2025\/10\/topo-1-1536x691.jpg 1536w\" sizes=\"(max-width: 1920px) 100vw, 1920px\" \/>\t\t\t\t\t\t\t\t\t\t\t\t\t\t\t<\/div>\n\t\t\t\t<\/div>\n\t\t<div class=\"elementor-element elementor-element-2c6252a3 e-con-full e-flex wpr-particle-no wpr-jarallax-no wpr-parallax-no wpr-sticky-section-no e-con e-parent\" data-id=\"2c6252a3\" data-element_type=\"container\" data-settings=\"{&quot;background_background&quot;:&quot;classic&quot;}\">\n\t\t\t\t<div class=\"elementor-element elementor-element-35f00fd4 elementor-widget__width-initial elementor-widget elementor-widget-image\" data-id=\"35f00fd4\" data-element_type=\"widget\" data-widget_type=\"image.default\">\n\t\t\t\t\t\t\t\t\t\t\t\t\t\t\t<img decoding=\"async\" width=\"800\" height=\"451\" src=\"https:\/\/midiaciencia.com\/novo\/wp-content\/uploads\/2025\/10\/Captura-de-Tela-2025-10-31-as-10.06.00.png\" class=\"attachment-large size-large wp-image-296\" alt=\"\" srcset=\"https:\/\/midiaciencia.com\/novo\/wp-content\/uploads\/2025\/10\/Captura-de-Tela-2025-10-31-as-10.06.00.png 872w, https:\/\/midiaciencia.com\/novo\/wp-content\/uploads\/2025\/10\/Captura-de-Tela-2025-10-31-as-10.06.00-300x169.png 300w, https:\/\/midiaciencia.com\/novo\/wp-content\/uploads\/2025\/10\/Captura-de-Tela-2025-10-31-as-10.06.00-768x433.png 768w\" sizes=\"(max-width: 800px) 100vw, 800px\" \/>\t\t\t\t\t\t\t\t\t\t\t\t\t\t\t<\/div>\n\t\t<div class=\"elementor-element elementor-element-546e55c0 e-con-full e-flex wpr-particle-no wpr-jarallax-no wpr-parallax-no wpr-sticky-section-no e-con e-child\" data-id=\"546e55c0\" data-element_type=\"container\">\n\t\t\t\t<div class=\"elementor-element elementor-element-2cd3364b elementor-widget__width-inherit elementor-widget elementor-widget-heading\" data-id=\"2cd3364b\" data-element_type=\"widget\" data-widget_type=\"heading.default\">\n\t\t\t\t\t<p class=\"elementor-heading-title elementor-size-default\">Mais conte\u00fado, mais alcance<\/p>\t\t\t\t<\/div>\n\t\t\t\t<div class=\"elementor-element elementor-element-4c7e6f5d elementor-widget__width-inherit elementor-widget elementor-widget-heading\" data-id=\"4c7e6f5d\" data-element_type=\"widget\" data-widget_type=\"heading.default\">\n\t\t\t\t\t<h2 class=\"elementor-heading-title elementor-size-default\">Levando conhecimento e curiosidade cient\u00edfica para todo o estado<\/h2>\t\t\t\t<\/div>\n\t\t\t\t<div class=\"elementor-element elementor-element-719b6cee elementor-widget__width-initial elementor-widget-mobile__width-inherit elementor-invisible elementor-widget elementor-widget-icon-box\" data-id=\"719b6cee\" data-element_type=\"widget\" data-settings=\"{&quot;_animation&quot;:&quot;fadeInUp&quot;}\" data-widget_type=\"icon-box.default\">\n\t\t\t\t\t\t\t<div class=\"elementor-icon-box-wrapper\">\n\n\t\t\t\n\t\t\t\t\t\t<div class=\"elementor-icon-box-content\">\n\n\t\t\t\t\t\t\t\t\t<h3 class=\"elementor-icon-box-title\">\n\t\t\t\t\t\t<span  >\n\t\t\t\t\t\t\tParcerias com pesquisadores\t\t\t\t\t\t<\/span>\n\t\t\t\t\t<\/h3>\n\t\t\t\t\n\t\t\t\t\t\t\t\t\t<p class=\"elementor-icon-box-description\">\n\t\t\t\t\t\tPrograma criado no \u00e2mbito dessa parceria, com o objetivo de aproximar o p\u00fablico da ci\u00eancia e humanizar o cientista.\t\t\t\t\t<\/p>\n\t\t\t\t\n\t\t\t<\/div>\n\t\t\t\n\t\t<\/div>\n\t\t\t\t\t\t<\/div>\n\t\t\t\t<div class=\"elementor-element elementor-element-7c3cbd3 elementor-widget__width-initial elementor-widget-mobile__width-inherit elementor-invisible elementor-widget elementor-widget-icon-box\" data-id=\"7c3cbd3\" data-element_type=\"widget\" data-settings=\"{&quot;_animation&quot;:&quot;fadeInUp&quot;,&quot;_animation_delay&quot;:&quot;100&quot;}\" data-widget_type=\"icon-box.default\">\n\t\t\t\t\t\t\t<div class=\"elementor-icon-box-wrapper\">\n\n\t\t\t\n\t\t\t\t\t\t<div class=\"elementor-icon-box-content\">\n\n\t\t\t\t\t\t\t\t\t<h3 class=\"elementor-icon-box-title\">\n\t\t\t\t\t\t<span  >\n\t\t\t\t\t\t\t+40 epis\u00f3dios\t\t\t\t\t\t<\/span>\n\t\t\t\t\t<\/h3>\n\t\t\t\t\n\t\t\t\t\t\t\t\t\t<p class=\"elementor-icon-box-description\">\n\t\t\t\t\t\tForam produzidos 40 epis\u00f3dios de aproximadamente uma hora, exibidos semanalmente \u00e0s quintas-feiras, com at\u00e9 duas reprises por semana.\t\t\t\t\t<\/p>\n\t\t\t\t\n\t\t\t<\/div>\n\t\t\t\n\t\t<\/div>\n\t\t\t\t\t\t<\/div>\n\t\t\t\t<div class=\"elementor-element elementor-element-13248bc3 elementor-widget__width-initial elementor-widget-mobile__width-inherit elementor-invisible elementor-widget elementor-widget-icon-box\" data-id=\"13248bc3\" data-element_type=\"widget\" data-settings=\"{&quot;_animation&quot;:&quot;fadeInUp&quot;,&quot;_animation_delay&quot;:&quot;200&quot;}\" data-widget_type=\"icon-box.default\">\n\t\t\t\t\t\t\t<div class=\"elementor-icon-box-wrapper\">\n\n\t\t\t\n\t\t\t\t\t\t<div class=\"elementor-icon-box-content\">\n\n\t\t\t\t\t\t\t\t\t<h3 class=\"elementor-icon-box-title\">\n\t\t\t\t\t\t<span  >\n\t\t\t\t\t\t\tEntrevistas Leves\t\t\t\t\t\t<\/span>\n\t\t\t\t\t<\/h3>\n\t\t\t\t\n\t\t\t\t\t\t\t\t\t<p class=\"elementor-icon-box-description\">\n\t\t\t\t\t\tO formato \u00e9 de entrevistas leves e acess\u00edveis com pesquisadores de Mato Grosso do Sul, tornando temas complexos mais simples e pr\u00f3ximos da realidade das pessoas.\t\t\t\t\t<\/p>\n\t\t\t\t\n\t\t\t<\/div>\n\t\t\t\n\t\t<\/div>\n\t\t\t\t\t\t<\/div>\n\t\t\t\t<div class=\"elementor-element elementor-element-2812ab03 elementor-widget__width-initial elementor-widget-mobile__width-inherit elementor-invisible elementor-widget elementor-widget-icon-box\" data-id=\"2812ab03\" data-element_type=\"widget\" data-settings=\"{&quot;_animation&quot;:&quot;fadeInUp&quot;,&quot;_animation_delay&quot;:&quot;300&quot;}\" data-widget_type=\"icon-box.default\">\n\t\t\t\t\t\t\t<div class=\"elementor-icon-box-wrapper\">\n\n\t\t\t\n\t\t\t\t\t\t<div class=\"elementor-icon-box-content\">\n\n\t\t\t\t\t\t\t\t\t<h3 class=\"elementor-icon-box-title\">\n\t\t\t\t\t\t<span  >\n\t\t\t\t\t\t\tCortes para redes\t\t\t\t\t\t<\/span>\n\t\t\t\t\t<\/h3>\n\t\t\t\t\n\t\t\t\t\t\t\t\t\t<p class=\"elementor-icon-box-description\">\n\t\t\t\t\t\tO projeto tamb\u00e9m gerou cortes e conte\u00fados exclusivos para redes sociais, ampliando o di\u00e1logo com p\u00fablicos digitais.\t\t\t\t\t<\/p>\n\t\t\t\t\n\t\t\t<\/div>\n\t\t\t\n\t\t<\/div>\n\t\t\t\t\t\t<\/div>\n\t\t\t\t<\/div>\n\t\t\t\t<\/div>\n\t\t<div class=\"elementor-element elementor-element-4929155d e-con-full e-flex wpr-particle-no wpr-jarallax-no wpr-parallax-no wpr-sticky-section-no e-con e-parent\" data-id=\"4929155d\" data-element_type=\"container\" data-settings=\"{&quot;background_background&quot;:&quot;classic&quot;}\">\n\t\t<div class=\"elementor-element elementor-element-14f5150f e-con-full e-flex wpr-particle-no wpr-jarallax-no wpr-parallax-no wpr-sticky-section-no e-con e-child\" data-id=\"14f5150f\" data-element_type=\"container\">\n\t\t\t\t<div class=\"elementor-element elementor-element-196ec405 elementor-widget elementor-widget-heading\" data-id=\"196ec405\" data-element_type=\"widget\" data-widget_type=\"heading.default\">\n\t\t\t\t\t<h2 class=\"elementor-heading-title elementor-size-default\">Conversa com cientista locais<\/h2>\t\t\t\t<\/div>\n\t\t\t\t<div class=\"elementor-element elementor-element-5757bfe3 elementor-widget elementor-widget-text-editor\" data-id=\"5757bfe3\" data-element_type=\"widget\" data-widget_type=\"text-editor.default\">\n\t\t\t\t\t\t\t\t\t<p>O programa Papo de Ci\u00eancia \u00e9 criado no \u00e2mbito dessa estrat\u00e9gia. O programa produziu e veiculou 40 epis\u00f3dios, cada um com cerca de uma hora de dura\u00e7\u00e3o, transmitidos semanalmente \u00e0s quintas-feiras, com at\u00e9 duas reprises ao longo da semana.<\/p><p>Com foco em entrevistas informais com pesquisadores de Mato Grosso do Sul, a abordagem foi acess\u00edvel e leve, visando aproximar o p\u00fablico da ci\u00eancia e humanizar a figura do cientista. Os temas foram apresentados de forma a simplificar conceitos complexos, contribuindo para uma compreens\u00e3o mais ampla e democr\u00e1tica da ci\u00eancia no estado. Al\u00e9m disso, o programa est\u00e1 dispon\u00edvel no canal do YouTube do M\u00eddia Ci\u00eancia, que acumulou, nos dois anos de execu\u00e7\u00e3o do projeto, mais de 30 mil visualiza\u00e7\u00f5es e cerca de 1,1 mil horas de conte\u00fado retransmitido. Para ampliar o alcance e a intera\u00e7\u00e3o com diferentes p\u00fablicos digitais, os epis\u00f3dios foram complementados por cortes espec\u00edficos para redes sociais.<\/p><p>Por meio de a\u00e7\u00f5es como esse programa, o projeto obteve sucesso n\u00e3o apenas na populariza a ci\u00eancia, mas tamb\u00e9m fortalecendo a rede de comunica\u00e7\u00e3o cient\u00edfica e estimula a inova\u00e7\u00e3o em Mato Grosso do Sul<\/p>\t\t\t\t\t\t\t\t<\/div>\n\t\t\t\t<\/div>\n\t\t\t\t<div class=\"elementor-element elementor-element-8b32f6e elementor-widget__width-initial elementor-widget-tablet__width-inherit elementor-widget elementor-widget-image\" data-id=\"8b32f6e\" data-element_type=\"widget\" data-widget_type=\"image.default\">\n\t\t\t\t\t\t\t\t\t\t\t\t\t\t\t<img decoding=\"async\" width=\"800\" height=\"444\" src=\"https:\/\/midiaciencia.com\/novo\/wp-content\/uploads\/2025\/10\/Captura-de-Tela-2025-10-31-as-10.08.16.png\" class=\"attachment-large size-large wp-image-298\" alt=\"\" srcset=\"https:\/\/midiaciencia.com\/novo\/wp-content\/uploads\/2025\/10\/Captura-de-Tela-2025-10-31-as-10.08.16.png 871w, https:\/\/midiaciencia.com\/novo\/wp-content\/uploads\/2025\/10\/Captura-de-Tela-2025-10-31-as-10.08.16-300x166.png 300w, https:\/\/midiaciencia.com\/novo\/wp-content\/uploads\/2025\/10\/Captura-de-Tela-2025-10-31-as-10.08.16-768x426.png 768w\" sizes=\"(max-width: 800px) 100vw, 800px\" \/>\t\t\t\t\t\t\t\t\t\t\t\t\t\t\t<\/div>\n\t\t\t\t<\/div>\n\t\t\t\t<\/div>\n\t\t","protected":false},"excerpt":{"rendered":"<p>Papo ci\u00eancia Conhe\u00e7a o Papo de Ci\u00eancia, uma iniciativa que aproxima pesquisadores e o p\u00fablico, levando conhecimento e curiosidade cient\u00edfica para todo o estado \u2014 da capital aos munic\u00edpios mais distantes. Mais conte\u00fado, mais alcance Levando conhecimento e curiosidade cient\u00edfica para todo o estado Parcerias com pesquisadores Programa criado no \u00e2mbito dessa parceria, com o objetivo de aproximar o p\u00fablico da ci\u00eancia e humanizar o cientista. +40 epis\u00f3dios Foram produzidos 40 epis\u00f3dios de aproximadamente uma hora, exibidos semanalmente \u00e0s quintas-feiras, com at\u00e9 duas reprises por semana. Entrevistas Leves O formato \u00e9 de entrevistas leves e acess\u00edveis com pesquisadores de Mato Grosso do Sul, tornando temas complexos mais simples e pr\u00f3ximos da realidade das pessoas. Cortes para redes O projeto tamb\u00e9m gerou cortes e conte\u00fados exclusivos para redes sociais, ampliando o di\u00e1logo com p\u00fablicos digitais. Conversa com cientista locais O programa Papo de Ci\u00eancia \u00e9 criado no \u00e2mbito dessa estrat\u00e9gia. O programa produziu e veiculou 40 epis\u00f3dios, cada um com cerca de uma hora de dura\u00e7\u00e3o, transmitidos semanalmente \u00e0s quintas-feiras, com at\u00e9 duas reprises ao longo da semana. Com foco em entrevistas informais com pesquisadores de Mato Grosso do Sul, a abordagem foi acess\u00edvel e leve, visando aproximar o p\u00fablico da ci\u00eancia e humanizar a figura do cientista. Os temas foram apresentados de forma a simplificar conceitos complexos, contribuindo para uma compreens\u00e3o mais ampla e democr\u00e1tica da ci\u00eancia no estado. Al\u00e9m disso, o programa est\u00e1 dispon\u00edvel no canal do YouTube do M\u00eddia Ci\u00eancia, que acumulou, nos dois anos de execu\u00e7\u00e3o do projeto, mais de 30 mil visualiza\u00e7\u00f5es e cerca de 1,1 mil horas de conte\u00fado retransmitido. Para ampliar o alcance e a intera\u00e7\u00e3o com diferentes p\u00fablicos digitais, os epis\u00f3dios foram complementados por cortes espec\u00edficos para redes sociais. Por meio de a\u00e7\u00f5es como esse programa, o projeto obteve sucesso n\u00e3o apenas na populariza a ci\u00eancia, mas tamb\u00e9m fortalecendo a rede de comunica\u00e7\u00e3o cient\u00edfica e estimula a inova\u00e7\u00e3o em Mato Grosso do Sul<\/p>\n","protected":false},"author":1,"featured_media":0,"parent":0,"menu_order":0,"comment_status":"closed","ping_status":"closed","template":"","meta":{"_eb_attr":"","footnotes":""},"categories":[8],"tags":[],"class_list":["post-7","page","type-page","status-publish","hentry","category-redes-sociais"],"_links":{"self":[{"href":"https:\/\/midiaciencia.com\/novo\/wp-json\/wp\/v2\/pages\/7","targetHints":{"allow":["GET"]}}],"collection":[{"href":"https:\/\/midiaciencia.com\/novo\/wp-json\/wp\/v2\/pages"}],"about":[{"href":"https:\/\/midiaciencia.com\/novo\/wp-json\/wp\/v2\/types\/page"}],"author":[{"embeddable":true,"href":"https:\/\/midiaciencia.com\/novo\/wp-json\/wp\/v2\/users\/1"}],"replies":[{"embeddable":true,"href":"https:\/\/midiaciencia.com\/novo\/wp-json\/wp\/v2\/comments?post=7"}],"version-history":[{"count":14,"href":"https:\/\/midiaciencia.com\/novo\/wp-json\/wp\/v2\/pages\/7\/revisions"}],"predecessor-version":[{"id":301,"href":"https:\/\/midiaciencia.com\/novo\/wp-json\/wp\/v2\/pages\/7\/revisions\/301"}],"wp:attachment":[{"href":"https:\/\/midiaciencia.com\/novo\/wp-json\/wp\/v2\/media?parent=7"}],"wp:term":[{"taxonomy":"category","embeddable":true,"href":"https:\/\/midiaciencia.com\/novo\/wp-json\/wp\/v2\/categories?post=7"},{"taxonomy":"post_tag","embeddable":true,"href":"https:\/\/midiaciencia.com\/novo\/wp-json\/wp\/v2\/tags?post=7"}],"curies":[{"name":"wp","href":"https:\/\/api.w.org\/{rel}","templated":true}]}}