{"id":75,"date":"2025-10-07T18:17:31","date_gmt":"2025-10-07T21:17:31","guid":{"rendered":"https:\/\/midiaciencia.com\/novo\/?page_id=75"},"modified":"2025-10-31T11:35:19","modified_gmt":"2025-10-31T14:35:19","slug":"uems-na-comunidade","status":"publish","type":"page","link":"https:\/\/midiaciencia.com\/novo\/uems-na-comunidade\/","title":{"rendered":"UEMS na comunidade"},"content":{"rendered":"\t\t<div data-elementor-type=\"wp-post\" data-elementor-id=\"75\" class=\"elementor elementor-75\" data-elementor-post-type=\"page\">\n\t\t\t\t<div class=\"elementor-element elementor-element-5c724ac5 e-con-full e-flex wpr-particle-no wpr-jarallax-no wpr-parallax-no wpr-sticky-section-no e-con e-parent\" data-id=\"5c724ac5\" data-element_type=\"container\" data-settings=\"{&quot;background_background&quot;:&quot;classic&quot;}\">\n\t\t\t\t<div class=\"elementor-element elementor-element-da7b5a0 elementor-widget__width-inherit elementor-invisible elementor-widget elementor-widget-image\" data-id=\"da7b5a0\" data-element_type=\"widget\" data-settings=\"{&quot;_animation&quot;:&quot;fadeInUp&quot;}\" data-widget_type=\"image.default\">\n\t\t\t\t\t\t\t\t\t\t\t\t\t\t\t<img fetchpriority=\"high\" decoding=\"async\" width=\"1920\" height=\"1080\" src=\"https:\/\/midiaciencia.com\/novo\/wp-content\/uploads\/2025\/10\/uemscomunidade.png\" class=\"attachment-full size-full wp-image-318\" alt=\"\" srcset=\"https:\/\/midiaciencia.com\/novo\/wp-content\/uploads\/2025\/10\/uemscomunidade.png 1920w, https:\/\/midiaciencia.com\/novo\/wp-content\/uploads\/2025\/10\/uemscomunidade-300x169.png 300w, https:\/\/midiaciencia.com\/novo\/wp-content\/uploads\/2025\/10\/uemscomunidade-1024x576.png 1024w, https:\/\/midiaciencia.com\/novo\/wp-content\/uploads\/2025\/10\/uemscomunidade-768x432.png 768w, https:\/\/midiaciencia.com\/novo\/wp-content\/uploads\/2025\/10\/uemscomunidade-1536x864.png 1536w\" sizes=\"(max-width: 1920px) 100vw, 1920px\" \/>\t\t\t\t\t\t\t\t\t\t\t\t\t\t\t<\/div>\n\t\t\t\t<\/div>\n\t\t<div class=\"elementor-element elementor-element-4929155d e-con-full e-flex wpr-particle-no wpr-jarallax-no wpr-parallax-no wpr-sticky-section-no e-con e-parent\" data-id=\"4929155d\" data-element_type=\"container\" data-settings=\"{&quot;background_background&quot;:&quot;classic&quot;}\">\n\t\t<div class=\"elementor-element elementor-element-14f5150f e-con-full e-flex wpr-particle-no wpr-jarallax-no wpr-parallax-no wpr-sticky-section-no e-con e-child\" data-id=\"14f5150f\" data-element_type=\"container\">\n\t\t\t\t<div class=\"elementor-element elementor-element-196ec405 elementor-widget elementor-widget-heading\" data-id=\"196ec405\" data-element_type=\"widget\" data-widget_type=\"heading.default\">\n\t\t\t\t\t<h2 class=\"elementor-heading-title elementor-size-default\">UEMS na comunidade<\/h2>\t\t\t\t<\/div>\n\t\t\t\t<div class=\"elementor-element elementor-element-5757bfe3 elementor-widget elementor-widget-text-editor\" data-id=\"5757bfe3\" data-element_type=\"widget\" data-widget_type=\"text-editor.default\">\n\t\t\t\t\t\t\t\t\t<p><span style=\"font-weight: 400;\">O M\u00eddia Ci\u00eancia apoia a realiza\u00e7\u00e3o do Projeto UEMS na Comunidade, a maior a\u00e7\u00e3o de extens\u00e3o de Mato Grosso do Sul, que percorre diversas cidades e comunidades do estado levando servi\u00e7os, conhecimento e cidadania.<\/span><\/p><p><span style=\"font-weight: 400;\">A iniciativa tem como objetivo aproximar a universidade das demandas comunit\u00e1rias, promovendo o di\u00e1logo entre o saber acad\u00eamico e as realidades locais. O M\u00eddia Ci\u00eancia participa ativamente dessa a\u00e7\u00e3o, realizando a cobertura jornal\u00edstica dos eventos e oferecendo oficinas de comunica\u00e7\u00e3o aos participantes, estimulando a produ\u00e7\u00e3o de conte\u00fados que valorizem as experi\u00eancias e os impactos positivos do projeto nas comunidades atendidas.<\/span><\/p>\t\t\t\t\t\t\t\t<\/div>\n\t\t\t\t<\/div>\n\t\t\t\t<div class=\"elementor-element elementor-element-8b32f6e elementor-widget__width-initial elementor-widget-tablet__width-inherit elementor-widget elementor-widget-image\" data-id=\"8b32f6e\" data-element_type=\"widget\" data-widget_type=\"image.default\">\n\t\t\t\t\t\t\t\t\t\t\t\t\t\t\t<img decoding=\"async\" width=\"800\" height=\"450\" src=\"https:\/\/midiaciencia.com\/novo\/wp-content\/uploads\/2025\/10\/uemscomnidade-1024x576.jpg\" class=\"attachment-large size-large wp-image-96\" alt=\"\" srcset=\"https:\/\/midiaciencia.com\/novo\/wp-content\/uploads\/2025\/10\/uemscomnidade-1024x576.jpg 1024w, https:\/\/midiaciencia.com\/novo\/wp-content\/uploads\/2025\/10\/uemscomnidade-300x169.jpg 300w, https:\/\/midiaciencia.com\/novo\/wp-content\/uploads\/2025\/10\/uemscomnidade-768x432.jpg 768w, https:\/\/midiaciencia.com\/novo\/wp-content\/uploads\/2025\/10\/uemscomnidade-1536x864.jpg 1536w, https:\/\/midiaciencia.com\/novo\/wp-content\/uploads\/2025\/10\/uemscomnidade.jpg 2048w\" sizes=\"(max-width: 800px) 100vw, 800px\" \/>\t\t\t\t\t\t\t\t\t\t\t\t\t\t\t<\/div>\n\t\t\t\t<\/div>\n\t\t\t\t<\/div>\n\t\t","protected":false},"excerpt":{"rendered":"<p>UEMS na comunidade O M\u00eddia Ci\u00eancia apoia a realiza\u00e7\u00e3o do Projeto UEMS na Comunidade, a maior a\u00e7\u00e3o de extens\u00e3o de Mato Grosso do Sul, que percorre diversas cidades e comunidades do estado levando servi\u00e7os, conhecimento e cidadania. A iniciativa tem como objetivo aproximar a universidade das demandas comunit\u00e1rias, promovendo o di\u00e1logo entre o saber acad\u00eamico e as realidades locais. O M\u00eddia Ci\u00eancia participa ativamente dessa a\u00e7\u00e3o, realizando a cobertura jornal\u00edstica dos eventos e oferecendo oficinas de comunica\u00e7\u00e3o aos participantes, estimulando a produ\u00e7\u00e3o de conte\u00fados que valorizem as experi\u00eancias e os impactos positivos do projeto nas comunidades atendidas.<\/p>\n","protected":false},"author":1,"featured_media":0,"parent":0,"menu_order":0,"comment_status":"closed","ping_status":"closed","template":"","meta":{"_eb_attr":"","footnotes":""},"categories":[],"tags":[],"class_list":["post-75","page","type-page","status-publish","hentry"],"_links":{"self":[{"href":"https:\/\/midiaciencia.com\/novo\/wp-json\/wp\/v2\/pages\/75","targetHints":{"allow":["GET"]}}],"collection":[{"href":"https:\/\/midiaciencia.com\/novo\/wp-json\/wp\/v2\/pages"}],"about":[{"href":"https:\/\/midiaciencia.com\/novo\/wp-json\/wp\/v2\/types\/page"}],"author":[{"embeddable":true,"href":"https:\/\/midiaciencia.com\/novo\/wp-json\/wp\/v2\/users\/1"}],"replies":[{"embeddable":true,"href":"https:\/\/midiaciencia.com\/novo\/wp-json\/wp\/v2\/comments?post=75"}],"version-history":[{"count":13,"href":"https:\/\/midiaciencia.com\/novo\/wp-json\/wp\/v2\/pages\/75\/revisions"}],"predecessor-version":[{"id":321,"href":"https:\/\/midiaciencia.com\/novo\/wp-json\/wp\/v2\/pages\/75\/revisions\/321"}],"wp:attachment":[{"href":"https:\/\/midiaciencia.com\/novo\/wp-json\/wp\/v2\/media?parent=75"}],"wp:term":[{"taxonomy":"category","embeddable":true,"href":"https:\/\/midiaciencia.com\/novo\/wp-json\/wp\/v2\/categories?post=75"},{"taxonomy":"post_tag","embeddable":true,"href":"https:\/\/midiaciencia.com\/novo\/wp-json\/wp\/v2\/tags?post=75"}],"curies":[{"name":"wp","href":"https:\/\/api.w.org\/{rel}","templated":true}]}}